{"id":62,"date":"2024-03-04T22:13:28","date_gmt":"2024-03-05T03:13:28","guid":{"rendered":"https:\/\/www.globexcourier.com\/?page_id=62"},"modified":"2026-03-04T11:08:11","modified_gmt":"2026-03-04T16:08:11","slug":"livraison-express-montreal","status":"publish","type":"page","link":"https:\/\/www.globexcourier.com\/fr\/services\/livraison-express-montreal\/","title":{"rendered":"Service Local \u00e0 Montr\u00e9al"},"content":{"rendered":"\r\n    <section class=\"intro-section block block-introduction ph\">\r\n        <div class=\"row\">\r\n            <div class=\"container\">\r\n                <div class=\"intro-content\">\r\n                                        <h1 class=\"intro-title h2\">Service de livraison express \u00e0 Montr\u00e9al<\/h1>\r\n                                                            <div class=\"intro-text text\"><p>Globex Courrier Express International est le choix par excellence pour une livraison express de colis ou courriers \u00e0 Montr\u00e9al, offrant rapidit\u00e9, fiabilit\u00e9 et professionnalisme pour tous vos besoins d\u2019envoi de colis et de courrier. Forts de plus de 30 ans d\u2019exp\u00e9rience, nous nous engageons \u00e0 desservir efficacement la r\u00e9gion m\u00e9tropolitaine de Montr\u00e9al, garantissant la satisfaction totale de nos clients.<\/p>\n<\/div>\r\n                                                        <\/div>\r\n            <\/div>\r\n        <\/div>\r\n    <\/section>\r\n    \n\n\r\n    <section class=\"block block_service-details ph\">\r\n        <div class=\"container\">\r\n            <div class=\"row\">\r\n                <div class=\"content pv\">\r\n                    <h2 class=\"h2 smaller title\">Nos services de livraison le jour m\u00eame<\/h2>\r\n                    <div class=\"text check-list\">\r\n                        <p>Pour satisfaire vos besoins de livraison rapide, Globex Courrier Express International vous propose 4\u00a0offres distinctes allant du courrier express en service direct \u00e0 la cueillette rapide.<\/p>\n<p>D\u00e9couvrez l\u2019offre la plus adapt\u00e9e \u00e0 vos besoins\u00a0:<\/p>\n  \r\n                    <\/div>\r\n                                        <div class=\"services-grid two-column\">\r\n                                                    \r\n                                <div class=\"service\">\r\n                                    <div class=\"header-wrap \">\r\n                                        <div class=\"icon\">\r\n                                            <img decoding=\"async\" src=\"https:\/\/www.globexcourier.com\/wp-content\/uploads\/2024\/03\/place.png\" alt=\"\" \/>\r\n                                        <\/div>\r\n                                        <h3 class=\"h3\">Service Direct<\/h3>\r\n                                    <\/div>\r\n                                    <div class=\"content-wrap\">\r\n                                        <div class=\"details\">\r\n                                            <div><ul>\n<li>Service de livraison directe de la cueillette \u00e0 la destination.<\/li>\n<li>Transfert imm\u00e9diat de vos colis du lieu de collecte jusqu\u2019\u00e0 la destination finale.<\/li>\n<li>Accessible 24\/7, tout au long de l\u2019ann\u00e9e.<\/li>\n<\/ul>\n<p>Pour plus d\u2019informations ou pour utiliser ce service, contactez-nous du lundi au vendredi de 17h \u00e0 7h30, ainsi que les samedis, dimanches et jours f\u00e9ri\u00e9s.<\/p>\n<\/div>\r\n                                                                                        <div class=\"phrase-cle\"><span>Lorsque la livraison d\u2019un envoi est critique et se doit d\u2019arriver illico, c\u2019est le service parfait \u00e0 utiliser<\/span><\/div>\r\n                                                                                    <\/div>\r\n                                        \r\n                                                                                <a href=\"https:\/\/www.globexcourier.com\/fr\/rates\/\" class=\"btn\">Demande de tarif<\/a>\r\n                                                                            <\/div>\r\n                                <\/div>\r\n                            \r\n                                <div class=\"service\">\r\n                                    <div class=\"header-wrap \">\r\n                                        <div class=\"icon\">\r\n                                            <img decoding=\"async\" src=\"https:\/\/www.globexcourier.com\/wp-content\/uploads\/2024\/03\/truck_2.png\" alt=\"\" \/>\r\n                                        <\/div>\r\n                                        <h3 class=\"h3\">Service Imm\u00e9diat<\/h3>\r\n                                    <\/div>\r\n                                    <div class=\"content-wrap\">\r\n                                        <div class=\"details\">\r\n                                            <div><ul>\n<li><strong>D\u00e9lai de livraison <\/strong>: 1\u00a0heure.<\/li>\n<li><strong>Heure limite pour les commandes<\/strong> : Jusqu\u2019\u00e0 15h30. Les commandes pass\u00e9es entre 15h et 15h30 sont garanties d\u2019\u00eatre livr\u00e9es avant 17h.<\/li>\n<li><strong><a href=\"https:\/\/www.globexcourier.com\/wp-content\/uploads\/2024\/04\/Globex-zone-map-MTL-.jpg\">Zones<\/a> de livraison et cueillette <\/strong>: 3, 4, 5, 6, 7, 8.*<br \/>\n<em>*Pr\u00e9voyez un d\u00e9lai additionnel de 30 minutes pour la livraison o\u00f9 la cueillette dans ces zones.<\/em><\/li>\n<\/ul>\n<\/div>\r\n                                                                                        <div class=\"phrase-cle\"><span>Id\u00e9al pour des urgences de derni\u00e8re minute<\/span><\/div>\r\n                                                                                    <\/div>\r\n                                        \r\n                                                                                <a href=\"https:\/\/www.globexcourier.com\/fr\/rates\/\" class=\"btn\">Demande de tarif<\/a>\r\n                                                                            <\/div>\r\n                                <\/div>\r\n                            \r\n                                <div class=\"service\">\r\n                                    <div class=\"header-wrap \">\r\n                                        <div class=\"icon\">\r\n                                            <img decoding=\"async\" src=\"https:\/\/www.globexcourier.com\/wp-content\/uploads\/2024\/03\/truck_1.png\" alt=\"\" \/>\r\n                                        <\/div>\r\n                                        <h3 class=\"h3\">Service R\u00e9gulier<\/h3>\r\n                                    <\/div>\r\n                                    <div class=\"content-wrap\">\r\n                                        <div class=\"details\">\r\n                                            <div><ul>\n<li><strong>D\u00e9lai de livraison <\/strong>: 2 heures.<\/li>\n<li><strong>Heure limite pour les commandes\u00a0:<\/strong> 14h30.<\/li>\n<li><strong><a href=\"https:\/\/www.globexcourier.com\/wp-content\/uploads\/2024\/04\/Globex-zone-map-MTL-.jpg\">Zones<\/a> de livraison et cueillette <\/strong>: 3, 4, 5, 6, 7, 8.*<br \/>\n* Pr\u00e9voyez un d\u00e9lai additionnel de 30 minutes pour la livraison o\u00f9 la cueillette dans ces zones<\/li>\n<\/ul>\n<\/div>\r\n                                                                                        <div class=\"phrase-cle\"><span>Service le plus populaire aupr\u00e8s de nos clients, exp\u00e9ditif, fiable et \u00e0 un tarif avantageux<\/span><\/div>\r\n                                                                                    <\/div>\r\n                                        \r\n                                                                                <a href=\"https:\/\/www.globexcourier.com\/fr\/rates\/\" class=\"btn\">Demande de tarif<\/a>\r\n                                                                            <\/div>\r\n                                <\/div>\r\n                            \r\n                                <div class=\"service\">\r\n                                    <div class=\"header-wrap \">\r\n                                        <div class=\"icon\">\r\n                                            <img decoding=\"async\" src=\"https:\/\/www.globexcourier.com\/wp-content\/uploads\/2024\/03\/time.png\" alt=\"\" \/>\r\n                                        <\/div>\r\n                                        <h3 class=\"h3\">Service AM\/PM ou PM\/AM<\/h3>\r\n                                    <\/div>\r\n                                    <div class=\"content-wrap\">\r\n                                        <div class=\"details\">\r\n                                            <div><ul>\n<li><strong>Service <\/strong><strong>AM\/PM <\/strong>: Assure une livraison garantie le jour m\u00eame pour les commandes pass\u00e9es avant 12h.<\/li>\n<li><strong>Service PM\/AM <\/strong>: Pour les commandes apr\u00e8s 12h, la livraison est garantie le jour ouvrable suivant avant 12h.<\/li>\n<\/ul>\n<p>Pour les adresses commerciales, le service PM\/AM garantit une livraison avant 17h le jour ouvrable suivant.<\/p>\n<\/div>\r\n                                                                                        <div class=\"phrase-cle\"><span>C\u2019est notre service de livraison m\u00eame jour le plus \u00e9conomique<\/span><\/div>\r\n                                                                                    <\/div>\r\n                                        \r\n                                                                                <a href=\"https:\/\/www.globexcourier.com\/fr\/rates\/\" class=\"btn\">Demande de tarif<\/a>\r\n                                                                            <\/div>\r\n                                <\/div>\r\n                                                    <\/div>\r\n                                            <\/div>\r\n                                                            <div class=\"special-note\">\r\n                        <span>Lors d\u2019intemp\u00e9ries, les livraisons se font par priorit\u00e9 de services ; dans ces situations hors de notre contr\u00f4le, si votre envoi se doit d\u2019\u00eatre livr\u00e9 absolument le m\u00eame jour, priorisez le service Direct ou imm\u00e9diat.<\/span>\r\n                    <\/div>\r\n                                    <\/div>\r\n            <\/div>\r\n        <\/div>\r\n    <\/section>\r\n    \r\n    <script>\r\n        jQuery(document).ready(function ($) {\r\n            function setHeight() {\r\n                if (window.innerWidth >= 767) {\r\n                    \r\n                    let th = [];\r\n                    let ch = [];\r\n\r\n                    \/\/ Calculate maximum content-wrap height\r\n                    $('.content-wrap .details').each(function () {\r\n                        var currentHeight = $(this).height();\r\n                        ch.push(currentHeight);\r\n                    });\r\n\r\n                    \/\/ Calculate maximum .header-wrap .h3 height\r\n                    $('.header-wrap .h3').each(function () {\r\n                        var currentHeight = $(this).height();\r\n                        th.push(currentHeight);\r\n                    });\r\n\r\n                    \/\/ set maximum height to all .content-wrap\r\n                    $('.content-wrap .details').height(Math.max.apply(null, ch));\r\n\r\n                    \/\/ set maximum height to all .header-wrap .h3\r\n                    $('.header-wrap .h3').height(Math.max.apply(null, th));\r\n\r\n                } else {\r\n                    $('.content-wrap .details').height('auto');\r\n                    $('.header-wrap .h3').height('auto');\r\n                }\r\n            }\r\n            setHeight();\r\n            $(window).resize(function () {\r\n                setHeight();\r\n            });\r\n        });\r\n        \r\n    <\/script>\r\n    \n\n\r\n    <section class=\"block block_service-details ph opaque-bg\">\r\n        <div class=\"container\">\r\n            <div class=\"row\">\r\n                <div class=\"content pv\">\r\n                    <h2 class=\"h2 smaller title\">Une solution de livraison express compl\u00e8te et personnalis\u00e9e <\/h2>\r\n                    <div class=\"text check-list\">\r\n                        <p>Peu importe vos besoins en envoi de colis et livraison \u00e0 Montr\u00e9al, que ce soit pour des paquets de diff\u00e9rentes dimensions, des articles uniques ou m\u00eame des <a href=\"https:\/\/www.globexcourier.com\/fr\/services\/service-de-livraison-mondial-doeuvres-dart\/\">\u0153uvres d\u2019art<\/a>, chaque livreur de notre \u00e9quipe s\u2019assure que chaque exp\u00e9dition est g\u00e9r\u00e9e avec attention. Nous offrons un \u00e9ventail de services cl\u00e9s en main pour une livraison express le jour m\u00eame ou sous 24 heures, rapides et \u00e0 un co\u00fbt avantageux pour tous vos colis \u00e0 Montr\u00e9al.<\/p>\n<p>Gr\u00e2ce \u00e0 notre outil de suivi en ligne, suivez en temps r\u00e9el le d\u00e9placement de vos colis gr\u00e2ce \u00e0 notre outil de suivi en ligne.<\/p>\n  \r\n                    <\/div>\r\n                                                        <\/div>\r\n            <\/div>\r\n        <\/div>\r\n    <\/section>\r\n    \r\n    <script>\r\n        jQuery(document).ready(function ($) {\r\n            function setHeight() {\r\n                if (window.innerWidth >= 767) {\r\n                    \r\n                    let th = [];\r\n                    let ch = [];\r\n\r\n                    \/\/ Calculate maximum content-wrap height\r\n                    $('.content-wrap .details').each(function () {\r\n                        var currentHeight = $(this).height();\r\n                        ch.push(currentHeight);\r\n                    });\r\n\r\n                    \/\/ Calculate maximum .header-wrap .h3 height\r\n                    $('.header-wrap .h3').each(function () {\r\n                        var currentHeight = $(this).height();\r\n                        th.push(currentHeight);\r\n                    });\r\n\r\n                    \/\/ set maximum height to all .content-wrap\r\n                    $('.content-wrap .details').height(Math.max.apply(null, ch));\r\n\r\n                    \/\/ set maximum height to all .header-wrap .h3\r\n                    $('.header-wrap .h3').height(Math.max.apply(null, th));\r\n\r\n                } else {\r\n                    $('.content-wrap .details').height('auto');\r\n                    $('.header-wrap .h3').height('auto');\r\n                }\r\n            }\r\n            setHeight();\r\n            $(window).resize(function () {\r\n                setHeight();\r\n            });\r\n        });\r\n        \r\n    <\/script>\r\n    \n\n\r\n    <section class=\"block block_cta-bottom ph\" style=\"background-image: url(https:\/\/www.globexcourier.com\/wp-content\/uploads\/2024\/03\/background-cta.jpg);\">\r\n        <div class=\"container\">\r\n            <div class=\"row\">\r\n                <div class=\"content\">\r\n                    <h2 class=\"h2 title\">Choisissez Globex pour vos envois de courrier express \u00e0 Montr\u00e9al<\/h2>\r\n                    <div class=\"text\"><p>Lancez-vous d\u00e8s maintenant avec Globex Courrier Express International pour une exp\u00e9rience de\u00a0<a href=\"https:\/\/www.globexcourier.com\/fr\/services\/service-local-a-quebec\/\">livraison express \u00e0 Qu\u00e9bec<\/a>, \u00e0 Montr\u00e9al et partout au Qu\u00e9bec sans faille.\u00a0<strong>Ouvrez un compte<\/strong>\u00a0en\u00a0<a href=\"https:\/\/www.globexcourier.com\/fr\/contact\/\">contactant un expert Globex<\/a>\u00a0et d\u00e9couvrez comment nos services sur mesure peuvent r\u00e9pondre \u00e0 tous vos besoins de\u00a0<a href=\"https:\/\/www.globexcourier.com\/fr\/services\/services-au-canada\/\">livraison de colis au Canada<\/a>\u00a0et \u00e0 l\u2019international.<\/p>\n<p><strong>Rejoignez nos clients satisfaits et profitez d\u2019une logistique simplifi\u00e9e d\u00e8s aujourd\u2019hui.<\/strong><\/p>\n<\/div>\r\n                    <div class=\"cta\">\r\n                        <a href=\"https:\/\/www.globexcourier.com\/fr\/contact\/\" class=\"btn\">Contactez-nous<\/a>\r\n                        <a href=\"tel:18003592111\" class=\"phone-number info-text\">1-800-359-2111<\/a>\r\n                    <\/div>\r\n                <\/div>\r\n            <\/div>\r\n        <\/div>\r\n    <\/section>\r\n    ","protected":false},"excerpt":{"rendered":"","protected":false},"author":4,"featured_media":0,"parent":58,"menu_order":0,"comment_status":"closed","ping_status":"closed","template":"page-service.php","meta":{"_acf_changed":false,"footnotes":""},"class_list":["post-62","page","type-page","status-publish","hentry"],"acf":[],"yoast_head":"<!-- This site is optimized with the Yoast SEO plugin v27.3 - https:\/\/yoast.com\/product\/yoast-seo-wordpress\/ -->\n<title>Service de livraison express \u00e0 Montr\u00e9al | Globex Courrier<\/title>\n<meta name=\"description\" content=\"Vous voulez envoyer un colis \u00e0 Montr\u00e9al\u2009? Globex Courrier International offre un service de livraison express le jour m\u00eame s\u00e9curitaire et professionnel.\" \/>\n<meta name=\"robots\" content=\"index, follow, max-snippet:-1, max-image-preview:large, max-video-preview:-1\" \/>\n<link rel=\"canonical\" href=\"https:\/\/www.globexcourier.com\/fr\/services\/livraison-express-montreal\/\" \/>\n<meta property=\"og:locale\" content=\"fr_CA\" \/>\n<meta property=\"og:type\" content=\"article\" \/>\n<meta property=\"og:title\" content=\"Service de livraison express \u00e0 Montr\u00e9al | Globex Courrier\" \/>\n<meta property=\"og:description\" content=\"Vous voulez envoyer un colis \u00e0 Montr\u00e9al\u2009? Globex Courrier International offre un service de livraison express le jour m\u00eame s\u00e9curitaire et professionnel.\" \/>\n<meta property=\"og:url\" content=\"https:\/\/www.globexcourier.com\/fr\/services\/livraison-express-montreal\/\" \/>\n<meta property=\"og:site_name\" content=\"Globex\" \/>\n<meta property=\"article:modified_time\" content=\"2026-03-04T16:08:11+00:00\" \/>\n<meta property=\"og:image\" content=\"https:\/\/www.globexcourier.com\/wp-content\/uploads\/2024\/03\/globex-image.jpg\" \/>\n\t<meta property=\"og:image:width\" content=\"840\" \/>\n\t<meta property=\"og:image:height\" content=\"840\" \/>\n\t<meta property=\"og:image:type\" content=\"image\/jpeg\" \/>\n<meta name=\"twitter:card\" content=\"summary_large_image\" \/>\n<script type=\"application\/ld+json\" class=\"yoast-schema-graph\">{\"@context\":\"https:\\\/\\\/schema.org\",\"@graph\":[{\"@type\":\"WebPage\",\"@id\":\"https:\\\/\\\/www.globexcourier.com\\\/fr\\\/services\\\/livraison-express-montreal\\\/\",\"url\":\"https:\\\/\\\/www.globexcourier.com\\\/fr\\\/services\\\/livraison-express-montreal\\\/\",\"name\":\"Service de livraison express \u00e0 Montr\u00e9al | Globex Courrier\",\"isPartOf\":{\"@id\":\"https:\\\/\\\/www.globexcourier.com\\\/fr\\\/#website\"},\"datePublished\":\"2024-03-05T03:13:28+00:00\",\"dateModified\":\"2026-03-04T16:08:11+00:00\",\"description\":\"Vous voulez envoyer un colis \u00e0 Montr\u00e9al\u2009? Globex Courrier International offre un service de livraison express le jour m\u00eame s\u00e9curitaire et professionnel.\",\"breadcrumb\":{\"@id\":\"https:\\\/\\\/www.globexcourier.com\\\/fr\\\/services\\\/livraison-express-montreal\\\/#breadcrumb\"},\"inLanguage\":\"fr-CA\",\"potentialAction\":[{\"@type\":\"ReadAction\",\"target\":[\"https:\\\/\\\/www.globexcourier.com\\\/fr\\\/services\\\/livraison-express-montreal\\\/\"]}]},{\"@type\":\"BreadcrumbList\",\"@id\":\"https:\\\/\\\/www.globexcourier.com\\\/fr\\\/services\\\/livraison-express-montreal\\\/#breadcrumb\",\"itemListElement\":[{\"@type\":\"ListItem\",\"position\":1,\"name\":\"Accueil\",\"item\":\"https:\\\/\\\/www.globexcourier.com\\\/fr\\\/\"},{\"@type\":\"ListItem\",\"position\":2,\"name\":\"Services\",\"item\":\"https:\\\/\\\/www.globexcourier.com\\\/fr\\\/services\\\/\"},{\"@type\":\"ListItem\",\"position\":3,\"name\":\"Service Local \u00e0 Montr\u00e9al\"}]},{\"@type\":\"WebSite\",\"@id\":\"https:\\\/\\\/www.globexcourier.com\\\/fr\\\/#website\",\"url\":\"https:\\\/\\\/www.globexcourier.com\\\/fr\\\/\",\"name\":\"Globex\",\"description\":\"\",\"publisher\":{\"@id\":\"https:\\\/\\\/www.globexcourier.com\\\/fr\\\/#organization\"},\"potentialAction\":[{\"@type\":\"SearchAction\",\"target\":{\"@type\":\"EntryPoint\",\"urlTemplate\":\"https:\\\/\\\/www.globexcourier.com\\\/fr\\\/?s={search_term_string}\"},\"query-input\":{\"@type\":\"PropertyValueSpecification\",\"valueRequired\":true,\"valueName\":\"search_term_string\"}}],\"inLanguage\":\"fr-CA\"},{\"@type\":\"Organization\",\"@id\":\"https:\\\/\\\/www.globexcourier.com\\\/fr\\\/#organization\",\"name\":\"Globex\",\"url\":\"https:\\\/\\\/www.globexcourier.com\\\/fr\\\/\",\"logo\":{\"@type\":\"ImageObject\",\"inLanguage\":\"fr-CA\",\"@id\":\"https:\\\/\\\/www.globexcourier.com\\\/fr\\\/#\\\/schema\\\/logo\\\/image\\\/\",\"url\":\"https:\\\/\\\/www.globexcourier.com\\\/wp-content\\\/uploads\\\/2024\\\/03\\\/Logo-bleu.svg\",\"contentUrl\":\"https:\\\/\\\/www.globexcourier.com\\\/wp-content\\\/uploads\\\/2024\\\/03\\\/Logo-bleu.svg\",\"caption\":\"Globex\"},\"image\":{\"@id\":\"https:\\\/\\\/www.globexcourier.com\\\/fr\\\/#\\\/schema\\\/logo\\\/image\\\/\"}}]}<\/script>\n<!-- \/ Yoast SEO plugin. -->","yoast_head_json":{"title":"Service de livraison express \u00e0 Montr\u00e9al | Globex Courrier","description":"Vous voulez envoyer un colis \u00e0 Montr\u00e9al\u2009? Globex Courrier International offre un service de livraison express le jour m\u00eame s\u00e9curitaire et professionnel.","robots":{"index":"index","follow":"follow","max-snippet":"max-snippet:-1","max-image-preview":"max-image-preview:large","max-video-preview":"max-video-preview:-1"},"canonical":"https:\/\/www.globexcourier.com\/fr\/services\/livraison-express-montreal\/","og_locale":"fr_CA","og_type":"article","og_title":"Service de livraison express \u00e0 Montr\u00e9al | Globex Courrier","og_description":"Vous voulez envoyer un colis \u00e0 Montr\u00e9al\u2009? Globex Courrier International offre un service de livraison express le jour m\u00eame s\u00e9curitaire et professionnel.","og_url":"https:\/\/www.globexcourier.com\/fr\/services\/livraison-express-montreal\/","og_site_name":"Globex","article_modified_time":"2026-03-04T16:08:11+00:00","og_image":[{"width":840,"height":840,"url":"https:\/\/www.globexcourier.com\/wp-content\/uploads\/2024\/03\/globex-image.jpg","type":"image\/jpeg"}],"twitter_card":"summary_large_image","schema":{"@context":"https:\/\/schema.org","@graph":[{"@type":"WebPage","@id":"https:\/\/www.globexcourier.com\/fr\/services\/livraison-express-montreal\/","url":"https:\/\/www.globexcourier.com\/fr\/services\/livraison-express-montreal\/","name":"Service de livraison express \u00e0 Montr\u00e9al | Globex Courrier","isPartOf":{"@id":"https:\/\/www.globexcourier.com\/fr\/#website"},"datePublished":"2024-03-05T03:13:28+00:00","dateModified":"2026-03-04T16:08:11+00:00","description":"Vous voulez envoyer un colis \u00e0 Montr\u00e9al\u2009? Globex Courrier International offre un service de livraison express le jour m\u00eame s\u00e9curitaire et professionnel.","breadcrumb":{"@id":"https:\/\/www.globexcourier.com\/fr\/services\/livraison-express-montreal\/#breadcrumb"},"inLanguage":"fr-CA","potentialAction":[{"@type":"ReadAction","target":["https:\/\/www.globexcourier.com\/fr\/services\/livraison-express-montreal\/"]}]},{"@type":"BreadcrumbList","@id":"https:\/\/www.globexcourier.com\/fr\/services\/livraison-express-montreal\/#breadcrumb","itemListElement":[{"@type":"ListItem","position":1,"name":"Accueil","item":"https:\/\/www.globexcourier.com\/fr\/"},{"@type":"ListItem","position":2,"name":"Services","item":"https:\/\/www.globexcourier.com\/fr\/services\/"},{"@type":"ListItem","position":3,"name":"Service Local \u00e0 Montr\u00e9al"}]},{"@type":"WebSite","@id":"https:\/\/www.globexcourier.com\/fr\/#website","url":"https:\/\/www.globexcourier.com\/fr\/","name":"Globex","description":"","publisher":{"@id":"https:\/\/www.globexcourier.com\/fr\/#organization"},"potentialAction":[{"@type":"SearchAction","target":{"@type":"EntryPoint","urlTemplate":"https:\/\/www.globexcourier.com\/fr\/?s={search_term_string}"},"query-input":{"@type":"PropertyValueSpecification","valueRequired":true,"valueName":"search_term_string"}}],"inLanguage":"fr-CA"},{"@type":"Organization","@id":"https:\/\/www.globexcourier.com\/fr\/#organization","name":"Globex","url":"https:\/\/www.globexcourier.com\/fr\/","logo":{"@type":"ImageObject","inLanguage":"fr-CA","@id":"https:\/\/www.globexcourier.com\/fr\/#\/schema\/logo\/image\/","url":"https:\/\/www.globexcourier.com\/wp-content\/uploads\/2024\/03\/Logo-bleu.svg","contentUrl":"https:\/\/www.globexcourier.com\/wp-content\/uploads\/2024\/03\/Logo-bleu.svg","caption":"Globex"},"image":{"@id":"https:\/\/www.globexcourier.com\/fr\/#\/schema\/logo\/image\/"}}]}},"_links":{"self":[{"href":"https:\/\/www.globexcourier.com\/fr\/wp-json\/wp\/v2\/pages\/62","targetHints":{"allow":["GET"]}}],"collection":[{"href":"https:\/\/www.globexcourier.com\/fr\/wp-json\/wp\/v2\/pages"}],"about":[{"href":"https:\/\/www.globexcourier.com\/fr\/wp-json\/wp\/v2\/types\/page"}],"author":[{"embeddable":true,"href":"https:\/\/www.globexcourier.com\/fr\/wp-json\/wp\/v2\/users\/4"}],"replies":[{"embeddable":true,"href":"https:\/\/www.globexcourier.com\/fr\/wp-json\/wp\/v2\/comments?post=62"}],"version-history":[{"count":35,"href":"https:\/\/www.globexcourier.com\/fr\/wp-json\/wp\/v2\/pages\/62\/revisions"}],"predecessor-version":[{"id":3524,"href":"https:\/\/www.globexcourier.com\/fr\/wp-json\/wp\/v2\/pages\/62\/revisions\/3524"}],"up":[{"embeddable":true,"href":"https:\/\/www.globexcourier.com\/fr\/wp-json\/wp\/v2\/pages\/58"}],"wp:attachment":[{"href":"https:\/\/www.globexcourier.com\/fr\/wp-json\/wp\/v2\/media?parent=62"}],"curies":[{"name":"wp","href":"https:\/\/api.w.org\/{rel}","templated":true}]}}