{"id":2868,"date":"2025-10-17T15:14:07","date_gmt":"2025-10-17T19:14:07","guid":{"rendered":"https:\/\/www.globexcourier.com\/?page_id=2868"},"modified":"2026-02-02T11:36:23","modified_gmt":"2026-02-02T16:36:23","slug":"surcharges","status":"publish","type":"page","link":"https:\/\/www.globexcourier.com\/fr\/surcharges\/","title":{"rendered":"Modifications aux tarifs Globex 2026"},"content":{"rendered":"\n<p><\/p>\n\n\n\n<h3 class=\"wp-block-heading\">Les changements suivants aux frais sont appliqu\u00e9s \u00e0 compter du 1\u1d49\u02b3&nbsp;f\u00e9vrier&nbsp;2026*<\/h3>\n\n\n\n<p style=\"font-size:15px\">*Seuls les tarifs ayant fait l\u2019objet d\u2019un ajustement en 2026 sont pr\u00e9sent\u00e9s sur cette page. Pour une vue d\u2019ensemble, veuillez consulter nos <strong><a href=\"https:\/\/www.globexcourier.com\/wp-content\/uploads\/2026\/02\/Termes-et-conditions-20260201.pdf?_gl=1*f00n05*_up*MQ..*_ga*ODE5OTA2ODQyLjE3NzAwNDk4Mzc.*_ga_KBPT4XM5PH*czE3NzAwNDk4MzYkbzEkZzEkdDE3NzAwNDk4ODQkajEyJGwwJGgxMTY0NTU5MDgy\" target=\"_blank\" rel=\"noreferrer noopener\">Termes et Conditions<\/a><\/strong>, qui d\u00e9taillent l\u2019int\u00e9gralit\u00e9 de nos tarifs et modalit\u00e9s.<\/p>\n\n\n\n<p><\/p>\n\n\n\n<figure class=\"wp-block-table is-style-stripes\" style=\"font-size:14px\"><table><thead><tr><th><strong>SURCHARGE<\/strong><\/th><th><strong>DESCRIPTION<\/strong><\/th><th class=\"has-text-align-center\" data-align=\"center\"><strong>MODE DE FACTURATION<\/strong><\/th><th class=\"has-text-align-center\" data-align=\"center\"><strong>2025<\/strong><\/th><th class=\"has-text-align-center\" data-align=\"center\"><strong>2026<\/strong><\/th><\/tr><\/thead><tbody><tr><td><strong>Adresse erron\u00e9e ou incompl\u00e8te (envois internationaux et au Canada)<\/strong><\/td><td>Une surcharge s\u2019applique lorsque l\u2019adresse de destination fournie par l\u2019Exp\u00e9diteur est incompl\u00e8te, obsol\u00e8te ou incorrecte et que Globex ne peut donc pas livrer l\u2019envoi. Globex recherche et d\u00e9termine la bonne adresse pour finaliser la livraison.<\/td><td class=\"has-text-align-center\" data-align=\"center\">par pi\u00e8ce<\/td><td class=\"has-text-align-center\" data-align=\"center\">19,75 $<\/td><td class=\"has-text-align-center\" data-align=\"center\">20,75 $<\/td><\/tr><tr><td><strong>Frais de manutention<\/strong><\/td><td>Colis non emball\u00e9s, non convoyables, en bois, en m\u00e9tal,&nbsp;emball\u00e9s sous plastique ou n\u00e9cessitant un r\u00e9emballage<\/td><td class=\"has-text-align-center\" data-align=\"center\">par pi\u00e8ce<\/td><td class=\"has-text-align-center\" data-align=\"center\">30,00 $<\/td><td class=\"has-text-align-center\" data-align=\"center\">35,00 $<\/td><\/tr><tr><td><strong>Non convoyable<\/strong><\/td><td>Tout article cylindrique, tel qu\u2019un baril, un tambour, un seau ou un pneu, qui n\u2019est pas enti\u00e8rement emball\u00e9 dans un contenant d\u2019exp\u00e9dition en carton ondul\u00e9. Inclut \u00e9galement les valises et tout autre envoi dans un emballage plastique.<\/td><td class=\"has-text-align-center\" data-align=\"center\">par pi\u00e8ce<\/td><td class=\"has-text-align-center\" data-align=\"center\">30,00 $<\/td><td class=\"has-text-align-center\" data-align=\"center\">35,00 $<\/td><\/tr><tr><td><strong>Surdimensionn\u00e9 (dimension)<\/strong><\/td><td>Tout colis d\u2019une longueur sup\u00e9rieure \u00e0 121 cm (48 po) mais inf\u00e9rieure \u00e0 243 cm (96 po).<\/td><td class=\"has-text-align-center\" data-align=\"center\">par pi\u00e8ce<\/td><td class=\"has-text-align-center\" data-align=\"center\">30,00 $<\/td><td class=\"has-text-align-center\" data-align=\"center\">35,00 $ minimum<\/td><\/tr><tr><td><strong>Surcharge de poids maximale DOM<\/strong><\/td><td>Tout colis exp\u00e9di\u00e9 au Canada dont le poids r\u00e9el est sup\u00e9rieur \u00e0 68 kg (150 lb).<\/td><td class=\"has-text-align-center\" data-align=\"center\">par pi\u00e8ce<\/td><td class=\"has-text-align-center\" data-align=\"center\">30,00 $<\/td><td class=\"has-text-align-center\" data-align=\"center\">250,00 $ minimum<\/td><\/tr><tr><td><strong>Surcharge de poids INT\/US<\/strong><\/td><td>Tout colis exp\u00e9di\u00e9 \u00e0 l\u2019international dont le poids r\u00e9el est sup\u00e9rieur \u00e0 68 kg (150 lb).<\/td><td class=\"has-text-align-center\" data-align=\"center\">par pi\u00e8ce<\/td><td class=\"has-text-align-center\" data-align=\"center\">125,00 $<\/td><td class=\"has-text-align-center\" data-align=\"center\">135,00 $ minimum<\/td><\/tr><tr><td><strong>P\u00e9rim\u00e8tre<\/strong><\/td><td>Tout colis avec un p\u00e9rim\u00e8tre entre 330 cm (130 po) et 419 cm (165 po).<\/td><td class=\"has-text-align-center\" data-align=\"center\">par pi\u00e8ce<\/td><td class=\"has-text-align-center\" data-align=\"center\">115,00 $<\/td><td class=\"has-text-align-center\" data-align=\"center\">125,00 $ minimum<\/td><\/tr><tr><td><strong>Des frais s\u2019appliquent aux envois contenant des marchandises dangereuses selon leur classification et le type de manutention sp\u00e9ciale requis.<\/strong><\/td><td>Envois au Canada<\/td><td class=\"has-text-align-center\" data-align=\"center\">par envoi<\/td><td class=\"has-text-align-center\" data-align=\"center\">80,00 $ minimum<\/td><td class=\"has-text-align-center\" data-align=\"center\">Inaccessible :<br>Minimum 83,00 $ ou 0,83 $ par 0,5 kg<\/td><\/tr><tr><td><strong>Frais de d\u00e9bours<\/strong><\/td><td>Frais administratifs pour payer les frais de d\u00e9douanement au nom de l\u2019exp\u00e9diteur.<br>(Ces frais peuvent \u00eatre annul\u00e9s si Globex est autoris\u00e9 \u00e0 d\u00e9biter la carte de cr\u00e9dit du client pour tous les frais de d\u00e9douanement d\u00e8s r\u00e9ception.)\u00a0\u00bb<\/td><td class=\"has-text-align-center\" data-align=\"center\">par envoi<\/td><td class=\"has-text-align-center\" data-align=\"center\">Minimum 35,00 $ ou 5,75 % des frais fiscaux (plus taxes), selon le plus \u00e9lev\u00e9<\/td><td class=\"has-text-align-center\" data-align=\"center\">Minimum 40,00 $ ou 5,75 % des frais fiscaux (plus taxes), selon le plus \u00e9lev\u00e9<\/td><\/tr><tr><td><strong>IMPORT\/EXPORT<br>TEMPORAIRE<\/strong><\/td><td>\u00c0 la demande du Client, DHL facilite l\u2019exportation temporaire et la r\u00e9importation ult\u00e9rieure des marchandises depuis le pays d\u2019origine, ou l\u2019importation temporaire puis la r\u00e9exportation des marchandises \u00e0 destination. Ces services sont g\u00e9n\u00e9ralement fournis \u00e0 des fins telles que des r\u00e9parations, des tests, des expositions ou des activit\u00e9s similaires, et sont effectu\u00e9s conform\u00e9ment aux r\u00e9glementations douani\u00e8res gr\u00e2ce \u00e0 la pr\u00e9sentation de tous les documents requis et au respect des proc\u00e9dures de d\u00e9douanement pertinentes.<\/td><td class=\"has-text-align-center\" data-align=\"center\">par envoi<\/td><td class=\"has-text-align-center\" data-align=\"center\">Nouveau<\/td><td class=\"has-text-align-center\" data-align=\"center\">65,00 $ CAD<\/td><\/tr><tr><td><strong>Option s\u00e9lection de courtier<\/strong><\/td><td><strong>Exports<\/strong>: Suppl\u00e9ment applicable lorsque le courtier est situ\u00e9 dans une aire m\u00e9tropolitaine de livraison diff\u00e9rente de celle du destinataire.<\/td><td class=\"has-text-align-center\" data-align=\"center\">par envoi<\/td><td class=\"has-text-align-center\" data-align=\"center\">20$ + 0.75$ per \u00bd kg<\/td><td class=\"has-text-align-center\" data-align=\"center\">35,00 $<\/td><\/tr><tr><td><strong>Suppl\u00e9ment pour zone de livraison \u00c9tats-Unis<\/strong><\/td><td>Peut s\u2019appliquer selon l\u2019origine ou la destination.<\/td><td class=\"has-text-align-center\" data-align=\"center\">par envoi<\/td><td class=\"has-text-align-center\" data-align=\"center\">10,00 $<\/td><td class=\"has-text-align-center\" data-align=\"center\">15,00 $<\/td><\/tr><tr><td><strong>Connaissement manuel ou demande de cueillette par t\u00e9l\u00e9phone<\/strong><\/td><td>Un suppl\u00e9ment s\u2019applique \u00e0 chaque envoi accompagn\u00e9 d\u2019un connaissement manuel non \u00e9lectronique sur support papier ou faisant l\u2019objet d\u2019une demande par t\u00e9l\u00e9phone aupr\u00e8s de l\u2019un de nos repr\u00e9sentants du service \u00e0 la client\u00e8le. La documentation d\u2019exp\u00e9dition \u00e9lectronique n\u2019entra\u00eene aucuns frais suppl\u00e9mentaires.<\/td><td class=\"has-text-align-center\" data-align=\"center\">par envoi<\/td><td class=\"has-text-align-center\" data-align=\"center\">8,00 $<\/td><td class=\"has-text-align-center\" data-align=\"center\">8,75 $<\/td><\/tr><tr><td><strong>Documents manquants ou incomplets<\/strong><\/td><td>Des frais suppl\u00e9mentaires s\u2019appliqueront si Globex doit fournir ou demander des documents d\u2019exp\u00e9dition manquants.<\/td><td class=\"has-text-align-center\" data-align=\"center\">par envoi<\/td><td class=\"has-text-align-center\" data-align=\"center\">25,00 $<\/td><td class=\"has-text-align-center\" data-align=\"center\">30,00 $<\/td><\/tr><tr><td><strong>Ramassage non disponible<\/strong><\/td><td>RND- S\u2019applique lorsqu\u2019un chauffeur se pr\u00e9sente \u00e0 l\u2019adresse de l\u2019exp\u00e9diteur et que le ramassage demand\u00e9 ou planifi\u00e9 n\u2019a pas \u00e9t\u00e9 annul\u00e9, que l\u2019envoi n\u2019est pas pr\u00eat ou que personne n\u2019est disponible.<\/td><td class=\"has-text-align-center\" data-align=\"center\">par envoi<\/td><td class=\"has-text-align-center\" data-align=\"center\">30,00 $<\/td><td class=\"has-text-align-center\" data-align=\"center\">15,00 $<\/td><\/tr><tr><td><strong>Zone de ramassage ou de livraison r\u00e9sidentielle<\/strong><\/td><td>Envois internationaux et domestiques.<\/td><td class=\"has-text-align-center\" data-align=\"center\">par envoi<\/td><td class=\"has-text-align-center\" data-align=\"center\">8,00 $<\/td><td class=\"has-text-align-center\" data-align=\"center\">8,75 $<\/td><\/tr><tr><td><strong>Signature requise<\/strong><\/td><td>Signature obligatoire d\u2019un adulte \u00e0 l\u2019adresse de livraison indiqu\u00e9e.<\/td><td class=\"has-text-align-center\" data-align=\"center\">par envoi<\/td><td class=\"has-text-align-center\" data-align=\"center\">8,75 $<\/td><td class=\"has-text-align-center\" data-align=\"center\">9,50 $<\/td><\/tr><\/tbody><\/table><\/figure>\n\n\n\n<p><\/p>\n","protected":false},"excerpt":{"rendered":"<p>Les changements suivants aux frais sont appliqu\u00e9s \u00e0 compter du 1\u1d49\u02b3&nbsp;f\u00e9vrier&nbsp;2026* *Seuls les tarifs ayant fait l\u2019objet d\u2019un ajustement en 2026 sont pr\u00e9sent\u00e9s sur cette page. Pour une vue d\u2019ensemble, veuillez consulter nos Termes et Conditions, qui d\u00e9taillent l\u2019int\u00e9gralit\u00e9 de nos tarifs et modalit\u00e9s. SURCHARGE DESCRIPTION MODE DE FACTURATION 2025 2026 Adresse erron\u00e9e ou incompl\u00e8te [&hellip;]<\/p>\n","protected":false},"author":4,"featured_media":0,"parent":0,"menu_order":0,"comment_status":"closed","ping_status":"closed","template":"page-legal.php","meta":{"_acf_changed":false,"footnotes":""},"class_list":["post-2868","page","type-page","status-publish","hentry"],"acf":[],"yoast_head":"<!-- This site is optimized with the Yoast SEO plugin v27.3 - https:\/\/yoast.com\/product\/yoast-seo-wordpress\/ -->\n<title>Modifications aux tarifs Globex 2026 | Globex<\/title>\n<meta name=\"robots\" content=\"index, follow, max-snippet:-1, max-image-preview:large, max-video-preview:-1\" \/>\n<link rel=\"canonical\" href=\"https:\/\/www.globexcourier.com\/fr\/surcharges\/\" \/>\n<meta property=\"og:locale\" content=\"fr_CA\" \/>\n<meta property=\"og:type\" content=\"article\" \/>\n<meta property=\"og:title\" content=\"Modifications aux tarifs Globex 2026 | Globex\" \/>\n<meta property=\"og:description\" content=\"Les changements suivants aux frais sont appliqu\u00e9s \u00e0 compter du 1\u1d49\u02b3&nbsp;f\u00e9vrier&nbsp;2026* *Seuls les tarifs ayant fait l\u2019objet d\u2019un ajustement en 2026 sont pr\u00e9sent\u00e9s sur cette page. Pour une vue d\u2019ensemble, veuillez consulter nos Termes et Conditions, qui d\u00e9taillent l\u2019int\u00e9gralit\u00e9 de nos tarifs et modalit\u00e9s. SURCHARGE DESCRIPTION MODE DE FACTURATION 2025 2026 Adresse erron\u00e9e ou incompl\u00e8te [&hellip;]\" \/>\n<meta property=\"og:url\" content=\"https:\/\/www.globexcourier.com\/fr\/surcharges\/\" \/>\n<meta property=\"og:site_name\" content=\"Globex\" \/>\n<meta property=\"article:modified_time\" content=\"2026-02-02T16:36:23+00:00\" \/>\n<meta property=\"og:image\" content=\"https:\/\/www.globexcourier.com\/wp-content\/uploads\/2024\/03\/globex-image.jpg\" \/>\n\t<meta property=\"og:image:width\" content=\"840\" \/>\n\t<meta property=\"og:image:height\" content=\"840\" \/>\n\t<meta property=\"og:image:type\" content=\"image\/jpeg\" \/>\n<meta name=\"twitter:card\" content=\"summary_large_image\" \/>\n<meta name=\"twitter:label1\" content=\"Estimation du temps de lecture\" \/>\n\t<meta name=\"twitter:data1\" content=\"3 minutes\" \/>\n<script type=\"application\/ld+json\" class=\"yoast-schema-graph\">{\"@context\":\"https:\\\/\\\/schema.org\",\"@graph\":[{\"@type\":\"WebPage\",\"@id\":\"https:\\\/\\\/www.globexcourier.com\\\/fr\\\/surcharges\\\/\",\"url\":\"https:\\\/\\\/www.globexcourier.com\\\/fr\\\/surcharges\\\/\",\"name\":\"Modifications aux tarifs Globex 2026 | Globex\",\"isPartOf\":{\"@id\":\"https:\\\/\\\/www.globexcourier.com\\\/fr\\\/#website\"},\"datePublished\":\"2025-10-17T19:14:07+00:00\",\"dateModified\":\"2026-02-02T16:36:23+00:00\",\"breadcrumb\":{\"@id\":\"https:\\\/\\\/www.globexcourier.com\\\/fr\\\/surcharges\\\/#breadcrumb\"},\"inLanguage\":\"fr-CA\",\"potentialAction\":[{\"@type\":\"ReadAction\",\"target\":[\"https:\\\/\\\/www.globexcourier.com\\\/fr\\\/surcharges\\\/\"]}]},{\"@type\":\"BreadcrumbList\",\"@id\":\"https:\\\/\\\/www.globexcourier.com\\\/fr\\\/surcharges\\\/#breadcrumb\",\"itemListElement\":[{\"@type\":\"ListItem\",\"position\":1,\"name\":\"Accueil\",\"item\":\"https:\\\/\\\/www.globexcourier.com\\\/fr\\\/\"},{\"@type\":\"ListItem\",\"position\":2,\"name\":\"Modifications aux tarifs Globex 2026\"}]},{\"@type\":\"WebSite\",\"@id\":\"https:\\\/\\\/www.globexcourier.com\\\/fr\\\/#website\",\"url\":\"https:\\\/\\\/www.globexcourier.com\\\/fr\\\/\",\"name\":\"Globex\",\"description\":\"\",\"publisher\":{\"@id\":\"https:\\\/\\\/www.globexcourier.com\\\/fr\\\/#organization\"},\"potentialAction\":[{\"@type\":\"SearchAction\",\"target\":{\"@type\":\"EntryPoint\",\"urlTemplate\":\"https:\\\/\\\/www.globexcourier.com\\\/fr\\\/?s={search_term_string}\"},\"query-input\":{\"@type\":\"PropertyValueSpecification\",\"valueRequired\":true,\"valueName\":\"search_term_string\"}}],\"inLanguage\":\"fr-CA\"},{\"@type\":\"Organization\",\"@id\":\"https:\\\/\\\/www.globexcourier.com\\\/fr\\\/#organization\",\"name\":\"Globex\",\"url\":\"https:\\\/\\\/www.globexcourier.com\\\/fr\\\/\",\"logo\":{\"@type\":\"ImageObject\",\"inLanguage\":\"fr-CA\",\"@id\":\"https:\\\/\\\/www.globexcourier.com\\\/fr\\\/#\\\/schema\\\/logo\\\/image\\\/\",\"url\":\"https:\\\/\\\/www.globexcourier.com\\\/wp-content\\\/uploads\\\/2024\\\/03\\\/Logo-bleu.svg\",\"contentUrl\":\"https:\\\/\\\/www.globexcourier.com\\\/wp-content\\\/uploads\\\/2024\\\/03\\\/Logo-bleu.svg\",\"caption\":\"Globex\"},\"image\":{\"@id\":\"https:\\\/\\\/www.globexcourier.com\\\/fr\\\/#\\\/schema\\\/logo\\\/image\\\/\"}}]}<\/script>\n<!-- \/ Yoast SEO plugin. -->","yoast_head_json":{"title":"Modifications aux tarifs Globex 2026 | Globex","robots":{"index":"index","follow":"follow","max-snippet":"max-snippet:-1","max-image-preview":"max-image-preview:large","max-video-preview":"max-video-preview:-1"},"canonical":"https:\/\/www.globexcourier.com\/fr\/surcharges\/","og_locale":"fr_CA","og_type":"article","og_title":"Modifications aux tarifs Globex 2026 | Globex","og_description":"Les changements suivants aux frais sont appliqu\u00e9s \u00e0 compter du 1\u1d49\u02b3&nbsp;f\u00e9vrier&nbsp;2026* *Seuls les tarifs ayant fait l\u2019objet d\u2019un ajustement en 2026 sont pr\u00e9sent\u00e9s sur cette page. Pour une vue d\u2019ensemble, veuillez consulter nos Termes et Conditions, qui d\u00e9taillent l\u2019int\u00e9gralit\u00e9 de nos tarifs et modalit\u00e9s. SURCHARGE DESCRIPTION MODE DE FACTURATION 2025 2026 Adresse erron\u00e9e ou incompl\u00e8te [&hellip;]","og_url":"https:\/\/www.globexcourier.com\/fr\/surcharges\/","og_site_name":"Globex","article_modified_time":"2026-02-02T16:36:23+00:00","og_image":[{"width":840,"height":840,"url":"https:\/\/www.globexcourier.com\/wp-content\/uploads\/2024\/03\/globex-image.jpg","type":"image\/jpeg"}],"twitter_card":"summary_large_image","twitter_misc":{"Estimation du temps de lecture":"3 minutes"},"schema":{"@context":"https:\/\/schema.org","@graph":[{"@type":"WebPage","@id":"https:\/\/www.globexcourier.com\/fr\/surcharges\/","url":"https:\/\/www.globexcourier.com\/fr\/surcharges\/","name":"Modifications aux tarifs Globex 2026 | Globex","isPartOf":{"@id":"https:\/\/www.globexcourier.com\/fr\/#website"},"datePublished":"2025-10-17T19:14:07+00:00","dateModified":"2026-02-02T16:36:23+00:00","breadcrumb":{"@id":"https:\/\/www.globexcourier.com\/fr\/surcharges\/#breadcrumb"},"inLanguage":"fr-CA","potentialAction":[{"@type":"ReadAction","target":["https:\/\/www.globexcourier.com\/fr\/surcharges\/"]}]},{"@type":"BreadcrumbList","@id":"https:\/\/www.globexcourier.com\/fr\/surcharges\/#breadcrumb","itemListElement":[{"@type":"ListItem","position":1,"name":"Accueil","item":"https:\/\/www.globexcourier.com\/fr\/"},{"@type":"ListItem","position":2,"name":"Modifications aux tarifs Globex 2026"}]},{"@type":"WebSite","@id":"https:\/\/www.globexcourier.com\/fr\/#website","url":"https:\/\/www.globexcourier.com\/fr\/","name":"Globex","description":"","publisher":{"@id":"https:\/\/www.globexcourier.com\/fr\/#organization"},"potentialAction":[{"@type":"SearchAction","target":{"@type":"EntryPoint","urlTemplate":"https:\/\/www.globexcourier.com\/fr\/?s={search_term_string}"},"query-input":{"@type":"PropertyValueSpecification","valueRequired":true,"valueName":"search_term_string"}}],"inLanguage":"fr-CA"},{"@type":"Organization","@id":"https:\/\/www.globexcourier.com\/fr\/#organization","name":"Globex","url":"https:\/\/www.globexcourier.com\/fr\/","logo":{"@type":"ImageObject","inLanguage":"fr-CA","@id":"https:\/\/www.globexcourier.com\/fr\/#\/schema\/logo\/image\/","url":"https:\/\/www.globexcourier.com\/wp-content\/uploads\/2024\/03\/Logo-bleu.svg","contentUrl":"https:\/\/www.globexcourier.com\/wp-content\/uploads\/2024\/03\/Logo-bleu.svg","caption":"Globex"},"image":{"@id":"https:\/\/www.globexcourier.com\/fr\/#\/schema\/logo\/image\/"}}]}},"_links":{"self":[{"href":"https:\/\/www.globexcourier.com\/fr\/wp-json\/wp\/v2\/pages\/2868","targetHints":{"allow":["GET"]}}],"collection":[{"href":"https:\/\/www.globexcourier.com\/fr\/wp-json\/wp\/v2\/pages"}],"about":[{"href":"https:\/\/www.globexcourier.com\/fr\/wp-json\/wp\/v2\/types\/page"}],"author":[{"embeddable":true,"href":"https:\/\/www.globexcourier.com\/fr\/wp-json\/wp\/v2\/users\/4"}],"replies":[{"embeddable":true,"href":"https:\/\/www.globexcourier.com\/fr\/wp-json\/wp\/v2\/comments?post=2868"}],"version-history":[{"count":84,"href":"https:\/\/www.globexcourier.com\/fr\/wp-json\/wp\/v2\/pages\/2868\/revisions"}],"predecessor-version":[{"id":3188,"href":"https:\/\/www.globexcourier.com\/fr\/wp-json\/wp\/v2\/pages\/2868\/revisions\/3188"}],"wp:attachment":[{"href":"https:\/\/www.globexcourier.com\/fr\/wp-json\/wp\/v2\/media?parent=2868"}],"curies":[{"name":"wp","href":"https:\/\/api.w.org\/{rel}","templated":true}]}}