{"id":241,"date":"2024-03-05T11:09:49","date_gmt":"2024-03-05T16:09:49","guid":{"rendered":"https:\/\/www.globexcourier.com\/?page_id=241"},"modified":"2025-07-31T16:04:19","modified_gmt":"2025-07-31T20:04:19","slug":"e-commerce-shipping","status":"publish","type":"page","link":"https:\/\/www.globexcourier.com\/fr\/e-commerce-shipping\/","title":{"rendered":"E-commerce"},"content":{"rendered":"\r\n    <section class=\"intro-section block block-introduction ph\">\r\n        <div class=\"row\">\r\n            <div class=\"container\">\r\n                <div class=\"intro-content\">\r\n                                        <h1 class=\"intro-title h2\">Une solution de livraison con\u00e7ue sp\u00e9cialement pour le e-commerce<\/h1>\r\n                                                            <div class=\"intro-text text\"><p><span style=\"font-weight: 400;\">Int\u00e9grez l\u2019API Globex Courrier International et faites passer votre boutique \u00e9lectronique au niveau sup\u00e9rieur\u2009!<\/span><\/p>\n<p><span style=\"font-weight: 400;\">Votre boutique en ligne vous permet de pr\u00e9senter vos produits rapidement et d\u2019atteindre votre client\u00e8le cible en quelques clics. Pourquoi l\u2019exp\u00e9dition des commandes en ligne ne serait-elle pas aussi simple\u2009?<\/span><\/p>\n<p><span style=\"font-weight: 400;\">Globex Courrier International vous propose une solution d\u2019exp\u00e9dition adapt\u00e9e aux enjeux du e-commerce. Gr\u00e2ce \u00e0 notre outil \u00e9lectronique, vous pourrez automatiser la gestion des exp\u00e9ditions de colis pour vous concentrer sur votre c\u0153ur de m\u00e9tier.<\/span><\/p>\n<\/div>\r\n                                                        <\/div>\r\n            <\/div>\r\n        <\/div>\r\n    <\/section>\r\n    \n\n\r\n    <section class=\"block block_cta-bottom block_cta-bottom-2 ph mt no-after\" style=\"background-image: url();\">\r\n        <div class=\"container\">\r\n            <div class=\"row\">\r\n                <div class=\"content\">\r\n                    <h2 class=\"h2 title\">Une API compl\u00e8te pour optimiser vos exp\u00e9ditions de commerce \u00e9lectronique<\/h2>\r\n                    <div class=\"text\"><p>Lorsque vous liez le site Web Shopify \u00e0 l\u2019API de Globex, vous simplifiez les achats de vos clients en ligne en leur offrant des tarifs en temps r\u00e9els ou fixes et cela, sur toute option de livraison\u2009!<\/p>\n<p>Vous pouvez \u00e9galement personnaliser les tarifs, services et entreprises d\u2019exp\u00e9dition que vous offrez. Vos clients n\u2019ont qu\u2019\u00e0 choisir le prix et le moment de livraison de colis qui leur convient le mieux, le transporteur s&rsquo;occupe du reste!<\/p>\n<p>Votre site Web s\u2019occupera ensuite de traiter et d\u2019organiser vos envois automatiquement. Vous aurez m\u00eame acc\u00e8s \u00e0 des informations concernant le statut des livraisons et au soutien de nos sp\u00e9cialistes en gestion logistique.<\/p>\n<\/div>\r\n                    <div class=\"avantages\">\r\n                                                                                    <div class=\"avantage\">\r\n                                    <div class=\"icon\">\r\n                                        <img decoding=\"async\" src=\"https:\/\/www.globexcourier.com\/wp-content\/uploads\/2024\/03\/api_1.svg\" alt=\"\" \/>\r\n                                    <\/div>\r\n                                    <div class=\"text\">Simplifiez vos proc\u00e9dures d\u2019exp\u00e9dition<\/div>\r\n                                <\/div>\r\n                                                            <div class=\"avantage\">\r\n                                    <div class=\"icon\">\r\n                                        <img decoding=\"async\" src=\"https:\/\/www.globexcourier.com\/wp-content\/uploads\/2024\/03\/api_2.svg\" alt=\"\" \/>\r\n                                    <\/div>\r\n                                    <div class=\"text\">Gardez une vision sur vos livraisons<\/div>\r\n                                <\/div>\r\n                                                            <div class=\"avantage\">\r\n                                    <div class=\"icon\">\r\n                                        <img decoding=\"async\" src=\"https:\/\/www.globexcourier.com\/wp-content\/uploads\/2024\/03\/api_3.svg\" alt=\"\" \/>\r\n                                    <\/div>\r\n                                    <div class=\"text\">Obtenez l\u2019assistance de nos sp\u00e9cialistes<\/div>\r\n                                <\/div>\r\n                                                                        <\/div>\r\n                                        <div class=\"text text_2\"><h2 class=\"smaller\" style=\"margin-top: 40px;\">Vous souhaitez faire l\u2019essai de l\u2019API de Globex\u2009?<\/h2>\n<p>Remplissez notre formulaire ou appelez-nous pour obtenir notre nouvelle API sp\u00e9cialement con\u00e7ue pour le commerce en ligne.<\/p>\n<\/div>\r\n                                                            <div class=\"cta\">\r\n                        <a href=\"https:\/\/www.globexcourier.com\/fr\/contact\/\" class=\"btn\">Remplissez notre formulaire<\/a>\r\n                                                <a href=\"tel:18003592111\" class=\"phone-number info-text\">1-800-359-2111<\/a>\r\n                                            <\/div>\r\n                                    <\/div>\r\n            <\/div>\r\n        <\/div>\r\n    <\/section>\r\n    \n\n\r\n    <section class=\"block block_service-details ph\">\r\n        <div class=\"container\">\r\n            <div class=\"row\">\r\n                <div class=\"content pv\">\r\n                    <h2 class=\"h2 smaller title\">G\u00e9rer vos exp\u00e9ditions e-commerce n\u2019aura jamais \u00e9t\u00e9 aussi simple<\/h2>\r\n                    <div class=\"text check-list\">\r\n                        <p>Avez-vous un site de vente e-commerce personnalis\u00e9\u2009? Excellent\u2009! L\u2019utilisation de l\u2019API Globex vous donne le plein contr\u00f4le sur la gestion d\u2019exp\u00e9dition de votre boutique en ligne et vous fait b\u00e9n\u00e9ficier de tarifs d\u2019exp\u00e9dition avantageux.<\/p>\n<p>Votre boutique en ligne vous permet de pr\u00e9senter vos produits rapidement et d\u2019atteindre votre client\u00e8le cible en quelques clics. Pourquoi l\u2019exp\u00e9dition des commandes en ligne ne serait-elle pas aussi simple\u2009?<\/p>\n<p>Globex Courrier International vous propose une solution d\u2019exp\u00e9dition adapt\u00e9e aux enjeux du e-commerce avec une logistique facilit\u00e9e. Gr\u00e2ce \u00e0 notre outil \u00e9lectronique, vous pourrez automatiser la gestion des exp\u00e9ditions pour vous concentrer sur votre c\u0153ur de m\u00e9tier.<\/p>\n<p><strong>RAPIDE \u00c0 INSTALLER ET \u00c0 CONFIGURER CETTE API POURRAIT VOUS FAIRE \u00c9PARGNER TEMPS ET ARGENT\u2009!<\/strong><\/p>\n  \r\n                    <\/div>\r\n                                                        <\/div>\r\n            <\/div>\r\n        <\/div>\r\n    <\/section>\r\n    \r\n    <script>\r\n        jQuery(document).ready(function ($) {\r\n            function setHeight() {\r\n                if (window.innerWidth >= 767) {\r\n                    \r\n                    let th = [];\r\n                    let ch = [];\r\n\r\n                    \/\/ Calculate maximum content-wrap height\r\n                    $('.content-wrap .details').each(function () {\r\n                        var currentHeight = $(this).height();\r\n                        ch.push(currentHeight);\r\n                    });\r\n\r\n                    \/\/ Calculate maximum .header-wrap .h3 height\r\n                    $('.header-wrap .h3').each(function () {\r\n                        var currentHeight = $(this).height();\r\n                        th.push(currentHeight);\r\n                    });\r\n\r\n                    \/\/ set maximum height to all .content-wrap\r\n                    $('.content-wrap .details').height(Math.max.apply(null, ch));\r\n\r\n                    \/\/ set maximum height to all .header-wrap .h3\r\n                    $('.header-wrap .h3').height(Math.max.apply(null, th));\r\n\r\n                } else {\r\n                    $('.content-wrap .details').height('auto');\r\n                    $('.header-wrap .h3').height('auto');\r\n                }\r\n            }\r\n            setHeight();\r\n            $(window).resize(function () {\r\n                setHeight();\r\n            });\r\n        });\r\n        \r\n    <\/script>\r\n    \n\n\r\n    <section class=\"block block_home_1 pv gris\">\r\n        <div class=\"container ph\">\r\n            <div class=\"row\">\r\n                <div class=\"content align-center\">\r\n                    <div class=\"col-left\">\r\n                        <img decoding=\"async\" src=\"https:\/\/www.globexcourier.com\/wp-content\/uploads\/2024\/03\/red_i_img1.svg\" alt=\"\" \/>\r\n                    <\/div>\r\n                    <div class=\"col-right\">\r\n                                                    <h2 class=\"h2\">Configurez vos options d\u2019exp\u00e9dition selon vos besoins<\/h2>\r\n                                                <div class=\"text intro-txt check-list\">\r\n                            <p>L\u2019API Globex est personnalisable et vous permet de choisir les entreprises ainsi que les services d\u2019exp\u00e9dition que vous voulez offrir \u00e0 vos clients.<\/p>\n<p>Au moment de passer \u00e0 la caisse, vos clients se voient pr\u00e9senter une gamme d\u2019options d\u2019exp\u00e9ditions en fonction de votre s\u00e9lection de tarifs (temps r\u00e9el ou prix fixes).<\/p>\n<p>Ils obtiennent \u00e9galement une soumission d\u2019exp\u00e9dition pr\u00e9cise et imm\u00e9diate, que ce soit pour une livraison au Canada, une livraison aux \u00c9tats-Unis ou une exp\u00e9dition ailleurs dans le monde\u2009!<\/p>\n  \r\n                        <\/div>\r\n                    <\/div>\r\n                <\/div>\r\n            <\/div>\r\n        <\/div>\r\n    <\/section>\r\n\r\n    \n\n\r\n    <section class=\"block block_home_1 pv blanc\">\r\n        <div class=\"container ph\">\r\n            <div class=\"row\">\r\n                <div class=\"content align-center\">\r\n                    <div class=\"col-left\">\r\n                        <img decoding=\"async\" src=\"https:\/\/www.globexcourier.com\/wp-content\/uploads\/2024\/03\/red_i_img2.svg\" alt=\"\" \/>\r\n                    <\/div>\r\n                    <div class=\"col-right\">\r\n                                                    <h2 class=\"h2\">Traitez vos envois instantan\u00e9ment<\/h2>\r\n                                                <div class=\"text intro-txt check-list\">\r\n                            <p>Aussit\u00f4t qu\u2019une transaction est conclue sur votre boutique en ligne, vous n\u2019avez qu\u2019\u00e0 t\u00e9l\u00e9verser automatiquement toutes les informations relatives \u00e0 la livraison vers le syst\u00e8me d\u2019exp\u00e9dition de Globex.<\/p>\n<p>Directement de votre site Web, vous pourrez m\u00eame imprimer des connaissements et g\u00e9rer les ramassages \u00e0 votre boutique physique.<\/p>\n  \r\n                        <\/div>\r\n                    <\/div>\r\n                <\/div>\r\n            <\/div>\r\n        <\/div>\r\n    <\/section>\r\n\r\n    \n\n\r\n    <section class=\"block block_cta-bottom ph\" style=\"background-image: url(https:\/\/www.globexcourier.com\/wp-content\/uploads\/2024\/03\/background-cta.jpg);\">\r\n        <div class=\"container\">\r\n            <div class=\"row\">\r\n                <div class=\"content\">\r\n                    <h2 class=\"h2 title\">Choisir l\u2019API Globex, c\u2019est aussi profiter du soutien de sp\u00e9cialistes de la livraison<\/h2>\r\n                    <div class=\"text\"><p>Si l\u2019implantation d\u2019une solution d\u2019exp\u00e9dition e-commerce vous semble complexe, ne vous inqui\u00e9tez pas, l\u2019\u00e9quipe de Globex est l\u00e0 pour vous aider.<\/p>\n<p>Que vous ayez besoin d\u2019aide pour installer et configurer l\u2019API sur votre boutique en ligne, ou des difficult\u00e9s li\u00e9es \u00e0 son utilisation, un responsable sera en mesure de vous assister jusqu\u2019\u00e0 ce que le probl\u00e8me soit r\u00e9solu. Vous pourrez m\u00eame profiter de conseils personnalis\u00e9s qui vous permettront de tirer le meilleur de votre API\u2009!<\/p>\n<p>Alors, si vous avez des doutes quant \u00e0 la compatibilit\u00e9 de l\u2019API Globex avec votre boutique en ligne ou voulez en savoir plus les avantages de ce service de livraison, contactez Globex Courrier International d\u00e8s maintenant\u2009! Il pourront vous aider \u00e0 choisir uns solution de livraison ad\u00e9quate pour votre site e-commerce.<\/p>\n<\/div>\r\n                    <div class=\"cta\">\r\n                        <a href=\"https:\/\/www.globexcourier.com\/fr\/contact\/\" class=\"btn\">Contactez un expert Globex<\/a>\r\n                        <a href=\"tel:18003592111\" class=\"phone-number info-text\">1-800-359-2111<\/a>\r\n                    <\/div>\r\n                <\/div>\r\n            <\/div>\r\n        <\/div>\r\n    <\/section>\r\n    ","protected":false},"excerpt":{"rendered":"","protected":false},"author":4,"featured_media":0,"parent":0,"menu_order":0,"comment_status":"closed","ping_status":"closed","template":"page-service.php","meta":{"_acf_changed":false,"footnotes":""},"class_list":["post-241","page","type-page","status-publish","hentry"],"acf":[],"yoast_head":"<!-- This site is optimized with the Yoast SEO plugin v27.3 - https:\/\/yoast.com\/product\/yoast-seo-wordpress\/ -->\n<title>Solution de livraison e-commerce | API Globex pour le e-commerce<\/title>\n<meta name=\"description\" content=\"Avec l\u2019API Globex, connectez votre boutique ou autre commerce en ligne avec un service d\u2019exp\u00e9dition rapide, fiable et s\u00e9curitaire en quelques clics.\" \/>\n<meta name=\"robots\" content=\"index, follow, max-snippet:-1, max-image-preview:large, max-video-preview:-1\" \/>\n<link rel=\"canonical\" href=\"https:\/\/www.globexcourier.com\/fr\/e-commerce-shipping\/\" \/>\n<meta property=\"og:locale\" content=\"fr_CA\" \/>\n<meta property=\"og:type\" content=\"article\" \/>\n<meta property=\"og:title\" content=\"Solution de livraison e-commerce | API Globex pour le e-commerce\" \/>\n<meta property=\"og:description\" content=\"Avec l\u2019API Globex, connectez votre boutique ou autre commerce en ligne avec un service d\u2019exp\u00e9dition rapide, fiable et s\u00e9curitaire en quelques clics.\" \/>\n<meta property=\"og:url\" content=\"https:\/\/www.globexcourier.com\/fr\/e-commerce-shipping\/\" \/>\n<meta property=\"og:site_name\" content=\"Globex\" \/>\n<meta property=\"article:modified_time\" content=\"2025-07-31T20:04:19+00:00\" \/>\n<meta property=\"og:image\" content=\"https:\/\/www.globexcourier.com\/wp-content\/uploads\/2024\/03\/globex-image.jpg\" \/>\n\t<meta property=\"og:image:width\" content=\"840\" \/>\n\t<meta property=\"og:image:height\" content=\"840\" \/>\n\t<meta property=\"og:image:type\" content=\"image\/jpeg\" \/>\n<meta name=\"twitter:card\" content=\"summary_large_image\" \/>\n<script type=\"application\/ld+json\" class=\"yoast-schema-graph\">{\"@context\":\"https:\\\/\\\/schema.org\",\"@graph\":[{\"@type\":\"WebPage\",\"@id\":\"https:\\\/\\\/www.globexcourier.com\\\/fr\\\/e-commerce-shipping\\\/\",\"url\":\"https:\\\/\\\/www.globexcourier.com\\\/fr\\\/e-commerce-shipping\\\/\",\"name\":\"Solution de livraison e-commerce | API Globex pour le e-commerce\",\"isPartOf\":{\"@id\":\"https:\\\/\\\/www.globexcourier.com\\\/fr\\\/#website\"},\"datePublished\":\"2024-03-05T16:09:49+00:00\",\"dateModified\":\"2025-07-31T20:04:19+00:00\",\"description\":\"Avec l\u2019API Globex, connectez votre boutique ou autre commerce en ligne avec un service d\u2019exp\u00e9dition rapide, fiable et s\u00e9curitaire en quelques clics.\",\"breadcrumb\":{\"@id\":\"https:\\\/\\\/www.globexcourier.com\\\/fr\\\/e-commerce-shipping\\\/#breadcrumb\"},\"inLanguage\":\"fr-CA\",\"potentialAction\":[{\"@type\":\"ReadAction\",\"target\":[\"https:\\\/\\\/www.globexcourier.com\\\/fr\\\/e-commerce-shipping\\\/\"]}]},{\"@type\":\"BreadcrumbList\",\"@id\":\"https:\\\/\\\/www.globexcourier.com\\\/fr\\\/e-commerce-shipping\\\/#breadcrumb\",\"itemListElement\":[{\"@type\":\"ListItem\",\"position\":1,\"name\":\"Accueil\",\"item\":\"https:\\\/\\\/www.globexcourier.com\\\/fr\\\/\"},{\"@type\":\"ListItem\",\"position\":2,\"name\":\"E-commerce\"}]},{\"@type\":\"WebSite\",\"@id\":\"https:\\\/\\\/www.globexcourier.com\\\/fr\\\/#website\",\"url\":\"https:\\\/\\\/www.globexcourier.com\\\/fr\\\/\",\"name\":\"Globex\",\"description\":\"\",\"publisher\":{\"@id\":\"https:\\\/\\\/www.globexcourier.com\\\/fr\\\/#organization\"},\"potentialAction\":[{\"@type\":\"SearchAction\",\"target\":{\"@type\":\"EntryPoint\",\"urlTemplate\":\"https:\\\/\\\/www.globexcourier.com\\\/fr\\\/?s={search_term_string}\"},\"query-input\":{\"@type\":\"PropertyValueSpecification\",\"valueRequired\":true,\"valueName\":\"search_term_string\"}}],\"inLanguage\":\"fr-CA\"},{\"@type\":\"Organization\",\"@id\":\"https:\\\/\\\/www.globexcourier.com\\\/fr\\\/#organization\",\"name\":\"Globex\",\"url\":\"https:\\\/\\\/www.globexcourier.com\\\/fr\\\/\",\"logo\":{\"@type\":\"ImageObject\",\"inLanguage\":\"fr-CA\",\"@id\":\"https:\\\/\\\/www.globexcourier.com\\\/fr\\\/#\\\/schema\\\/logo\\\/image\\\/\",\"url\":\"https:\\\/\\\/www.globexcourier.com\\\/wp-content\\\/uploads\\\/2024\\\/03\\\/Logo-bleu.svg\",\"contentUrl\":\"https:\\\/\\\/www.globexcourier.com\\\/wp-content\\\/uploads\\\/2024\\\/03\\\/Logo-bleu.svg\",\"caption\":\"Globex\"},\"image\":{\"@id\":\"https:\\\/\\\/www.globexcourier.com\\\/fr\\\/#\\\/schema\\\/logo\\\/image\\\/\"}}]}<\/script>\n<!-- \/ Yoast SEO plugin. -->","yoast_head_json":{"title":"Solution de livraison e-commerce | API Globex pour le e-commerce","description":"Avec l\u2019API Globex, connectez votre boutique ou autre commerce en ligne avec un service d\u2019exp\u00e9dition rapide, fiable et s\u00e9curitaire en quelques clics.","robots":{"index":"index","follow":"follow","max-snippet":"max-snippet:-1","max-image-preview":"max-image-preview:large","max-video-preview":"max-video-preview:-1"},"canonical":"https:\/\/www.globexcourier.com\/fr\/e-commerce-shipping\/","og_locale":"fr_CA","og_type":"article","og_title":"Solution de livraison e-commerce | API Globex pour le e-commerce","og_description":"Avec l\u2019API Globex, connectez votre boutique ou autre commerce en ligne avec un service d\u2019exp\u00e9dition rapide, fiable et s\u00e9curitaire en quelques clics.","og_url":"https:\/\/www.globexcourier.com\/fr\/e-commerce-shipping\/","og_site_name":"Globex","article_modified_time":"2025-07-31T20:04:19+00:00","og_image":[{"width":840,"height":840,"url":"https:\/\/www.globexcourier.com\/wp-content\/uploads\/2024\/03\/globex-image.jpg","type":"image\/jpeg"}],"twitter_card":"summary_large_image","schema":{"@context":"https:\/\/schema.org","@graph":[{"@type":"WebPage","@id":"https:\/\/www.globexcourier.com\/fr\/e-commerce-shipping\/","url":"https:\/\/www.globexcourier.com\/fr\/e-commerce-shipping\/","name":"Solution de livraison e-commerce | API Globex pour le e-commerce","isPartOf":{"@id":"https:\/\/www.globexcourier.com\/fr\/#website"},"datePublished":"2024-03-05T16:09:49+00:00","dateModified":"2025-07-31T20:04:19+00:00","description":"Avec l\u2019API Globex, connectez votre boutique ou autre commerce en ligne avec un service d\u2019exp\u00e9dition rapide, fiable et s\u00e9curitaire en quelques clics.","breadcrumb":{"@id":"https:\/\/www.globexcourier.com\/fr\/e-commerce-shipping\/#breadcrumb"},"inLanguage":"fr-CA","potentialAction":[{"@type":"ReadAction","target":["https:\/\/www.globexcourier.com\/fr\/e-commerce-shipping\/"]}]},{"@type":"BreadcrumbList","@id":"https:\/\/www.globexcourier.com\/fr\/e-commerce-shipping\/#breadcrumb","itemListElement":[{"@type":"ListItem","position":1,"name":"Accueil","item":"https:\/\/www.globexcourier.com\/fr\/"},{"@type":"ListItem","position":2,"name":"E-commerce"}]},{"@type":"WebSite","@id":"https:\/\/www.globexcourier.com\/fr\/#website","url":"https:\/\/www.globexcourier.com\/fr\/","name":"Globex","description":"","publisher":{"@id":"https:\/\/www.globexcourier.com\/fr\/#organization"},"potentialAction":[{"@type":"SearchAction","target":{"@type":"EntryPoint","urlTemplate":"https:\/\/www.globexcourier.com\/fr\/?s={search_term_string}"},"query-input":{"@type":"PropertyValueSpecification","valueRequired":true,"valueName":"search_term_string"}}],"inLanguage":"fr-CA"},{"@type":"Organization","@id":"https:\/\/www.globexcourier.com\/fr\/#organization","name":"Globex","url":"https:\/\/www.globexcourier.com\/fr\/","logo":{"@type":"ImageObject","inLanguage":"fr-CA","@id":"https:\/\/www.globexcourier.com\/fr\/#\/schema\/logo\/image\/","url":"https:\/\/www.globexcourier.com\/wp-content\/uploads\/2024\/03\/Logo-bleu.svg","contentUrl":"https:\/\/www.globexcourier.com\/wp-content\/uploads\/2024\/03\/Logo-bleu.svg","caption":"Globex"},"image":{"@id":"https:\/\/www.globexcourier.com\/fr\/#\/schema\/logo\/image\/"}}]}},"_links":{"self":[{"href":"https:\/\/www.globexcourier.com\/fr\/wp-json\/wp\/v2\/pages\/241","targetHints":{"allow":["GET"]}}],"collection":[{"href":"https:\/\/www.globexcourier.com\/fr\/wp-json\/wp\/v2\/pages"}],"about":[{"href":"https:\/\/www.globexcourier.com\/fr\/wp-json\/wp\/v2\/types\/page"}],"author":[{"embeddable":true,"href":"https:\/\/www.globexcourier.com\/fr\/wp-json\/wp\/v2\/users\/4"}],"replies":[{"embeddable":true,"href":"https:\/\/www.globexcourier.com\/fr\/wp-json\/wp\/v2\/comments?post=241"}],"version-history":[{"count":15,"href":"https:\/\/www.globexcourier.com\/fr\/wp-json\/wp\/v2\/pages\/241\/revisions"}],"predecessor-version":[{"id":2309,"href":"https:\/\/www.globexcourier.com\/fr\/wp-json\/wp\/v2\/pages\/241\/revisions\/2309"}],"wp:attachment":[{"href":"https:\/\/www.globexcourier.com\/fr\/wp-json\/wp\/v2\/media?parent=241"}],"curies":[{"name":"wp","href":"https:\/\/api.w.org\/{rel}","templated":true}]}}