{"id":239,"date":"2024-03-05T11:09:16","date_gmt":"2024-03-05T16:09:16","guid":{"rendered":"https:\/\/www.globexcourier.com\/?page_id=239"},"modified":"2025-07-31T15:32:06","modified_gmt":"2025-07-31T19:32:06","slug":"service-de-livraison-mondial-doeuvres-dart","status":"publish","type":"page","link":"https:\/\/www.globexcourier.com\/fr\/services\/service-de-livraison-mondial-doeuvres-dart\/","title":{"rendered":"Service de livraison mondial d&rsquo;oeuvres d&rsquo;art"},"content":{"rendered":"\r\n    <section class=\"intro-section block block-introduction ph\">\r\n        <div class=\"row\">\r\n            <div class=\"container\">\r\n                <div class=\"intro-content\">\r\n                                        <h1 class=\"intro-title h2\">Service de transport et livraison d\u2019\u0153uvres d\u2019art international<\/h1>\r\n                                                            <div class=\"intro-text text\"><p><strong>Sp\u00e9cialis\u00e9 dans le transport d\u2019\u0153uvres d\u2019art, Globex Courrier International vous offre un service de livraison cl\u00e9 en main partout dans le monde.<\/strong><\/p>\n<p>Notre service s\u2019adresse aux galeristes, aux maisons d\u2019ench\u00e8res, ainsi qu\u2019aux artistes et collectionneurs priv\u00e9s souhaitant importer des \u0153uvres vers le Canada ou les exporter partout au monde.<\/p>\n<p>\u00c0 l\u2019aide de notre vaste r\u00e9seau de partenaires sp\u00e9cialis\u00e9s dans le domaine du transport international, nous avons les capacit\u00e9s de r\u00e9pondre aux besoins particuliers requis par chaque \u0153uvre d\u2019art, et ce pour chacun de nos clients.<\/p>\n<p>Pour vos prochains envois d\u2019\u0153uvres d\u2019art, faites confiance \u00e0 notre \u00e9quipe professionnelle et courtoise.<\/p>\n<\/div>\r\n                                                        <\/div>\r\n            <\/div>\r\n        <\/div>\r\n    <\/section>\r\n    \n\n\r\n    <section class=\"block block_service-details ph\">\r\n        <div class=\"container\">\r\n            <div class=\"row\">\r\n                <div class=\"content pv\">\r\n                    <h2 class=\"h2 smaller title\">Nos services de livraison d\u2019\u0153uvre d\u2019art international<\/h2>\r\n                    <div class=\"text check-list\">\r\n                        <p>Que vous souhaitiez importer une \u0153uvre d\u2019art au Canada ou l\u2019exporter dans le reste du monde, Globex Courrier Express International a la solution de transport qui r\u00e9pond \u00e0 vos attentes.<\/p>\n  \r\n                    <\/div>\r\n                                        <div class=\"services-grid two-column\">\r\n                                                    \r\n                                <div class=\"service\">\r\n                                    <div class=\"header-wrap \">\r\n                                        <div class=\"icon\">\r\n                                            <img decoding=\"async\" src=\"https:\/\/www.globexcourier.com\/wp-content\/uploads\/2024\/03\/truck_1.png\" alt=\"\" \/>\r\n                                        <\/div>\r\n                                        <h3 class=\"h3\">Importation au Canada<\/h3>\r\n                                    <\/div>\r\n                                    <div class=\"content-wrap\">\r\n                                        <div class=\"details\">\r\n                                            <div><p><strong>Vous souhaitez importer une \u0153uvre d\u2019art depuis l\u2019\u00e9tranger vers le Canada\u2009? Faites confiance \u00e0 Globex\u2009!<\/strong><\/p>\n<p>Nous savons que l\u2019importation d\u2019\u0153uvres d\u2019art n\u00e9cessite une grande pr\u00e9caution et beaucoup de savoir-faire pour la conserver intacte de son lieu d\u2019origine jusqu\u2019\u00e0 sa destination finale.<\/p>\n<p>Chaque transporteur de notre \u00e9quipe reconnue dans le domaine saura vous accompagner durant tout le processus de transport et livrera votre bien dans sa condition initiale.<\/p>\n<\/div>\r\n                                                                                    <\/div>\r\n                                        \r\n                                                                                <a href=\"https:\/\/www.globexcourier.com\/fr\/rates\/\" class=\"btn\">Estimation gratuite<\/a>\r\n                                                                            <\/div>\r\n                                <\/div>\r\n                            \r\n                                <div class=\"service\">\r\n                                    <div class=\"header-wrap \">\r\n                                        <div class=\"icon\">\r\n                                            <img decoding=\"async\" src=\"https:\/\/www.globexcourier.com\/wp-content\/uploads\/2024\/03\/service-fret-maritime-icone.svg\" alt=\"\" \/>\r\n                                        <\/div>\r\n                                        <h3 class=\"h3\">Exportation \u00e0 l\u2019international<\/h3>\r\n                                    <\/div>\r\n                                    <div class=\"content-wrap\">\r\n                                        <div class=\"details\">\r\n                                            <div><p><strong>Vous souhaitez exporter vos \u0153uvres d\u2019art \u00e0 l\u2019international\u2009? Globex est votre partenaire de confiance\u2009!<\/strong><\/p>\n<p>Exporter une \u0153uvre d\u2019art \u00e0 vos clients est une \u00e9tape essentielle qui requi\u00e8re une grande attention.<\/p>\n<p>Chez Globex, nous l\u2019avons bien compris et nous appliquons le plus grand soin \u00e0 chaque envoi.<\/p>\n<p>Demandez une estimation gratuite pour obtenir plus de d\u00e9tails sur notre service.<\/p>\n<\/div>\r\n                                                                                    <\/div>\r\n                                        \r\n                                                                                <a href=\"https:\/\/www.globexcourier.com\/fr\/rates\/\" class=\"btn\">Estimation gratuite<\/a>\r\n                                                                            <\/div>\r\n                                <\/div>\r\n                                                    <\/div>\r\n                                            <\/div>\r\n                                                        <\/div>\r\n            <\/div>\r\n        <\/div>\r\n    <\/section>\r\n    \r\n    <script>\r\n        jQuery(document).ready(function ($) {\r\n            function setHeight() {\r\n                if (window.innerWidth >= 767) {\r\n                    \r\n                    let th = [];\r\n                    let ch = [];\r\n\r\n                    \/\/ Calculate maximum content-wrap height\r\n                    $('.content-wrap .details').each(function () {\r\n                        var currentHeight = $(this).height();\r\n                        ch.push(currentHeight);\r\n                    });\r\n\r\n                    \/\/ Calculate maximum .header-wrap .h3 height\r\n                    $('.header-wrap .h3').each(function () {\r\n                        var currentHeight = $(this).height();\r\n                        th.push(currentHeight);\r\n                    });\r\n\r\n                    \/\/ set maximum height to all .content-wrap\r\n                    $('.content-wrap .details').height(Math.max.apply(null, ch));\r\n\r\n                    \/\/ set maximum height to all .header-wrap .h3\r\n                    $('.header-wrap .h3').height(Math.max.apply(null, th));\r\n\r\n                } else {\r\n                    $('.content-wrap .details').height('auto');\r\n                    $('.header-wrap .h3').height('auto');\r\n                }\r\n            }\r\n            setHeight();\r\n            $(window).resize(function () {\r\n                setHeight();\r\n            });\r\n        });\r\n        \r\n    <\/script>\r\n    \n\n\r\n    <section class=\"block block_service-details ph no-bg opaque-bg\">\r\n        <div class=\"container\">\r\n            <div class=\"row\">\r\n                <div class=\"content pv\">\r\n                    <h2 class=\"h2 smaller title\">Pour le transport de vos \u0153uvres d\u2019art, choisissez Globex Courrier International<\/h2>\r\n                    <div class=\"text check-list\">\r\n                        <p>Profitant d\u2019une grande expertise dans les services de <a href=\"https:\/\/www.globexcourier.com\/fr\/services\/livraison-colis-international\/\">livraison \u00e0 l\u2019international<\/a>, notre \u00e9quipe de professionnels est en mesure de vous offrir une solution de transport fiable et s\u00e9curitaire aux meilleurs prix du march\u00e9.<\/p>\n<p>Qu\u2019il s\u2019agisse d\u2019une toile, d\u2019une sculpture, un cadre, ou toute autre \u0153uvre d\u2019art, vous pourrez profiter d\u2019une\u00a0<a href=\"https:\/\/www.globexcourier.com\/fr\/services\/livraison-express-montreal\/\">livraison express<\/a>\u00a0porte \u00e0 porte. Notre service comprend une assurance compl\u00e8te de vos \u0153uvres avec des certificats d\u2019assurances et une aide \u00e0 la pr\u00e9paration de documents douaniers. Nous nous assurons \u00e9galement de les emballer de fa\u00e7on professionnelle et de le mettre dans des caisses de transport adapt\u00e9es que ce soit pour un transport maritime, terrestre ou a\u00e9rien.<\/p>\n<ul>\n<li>Emballage professionnel par nos partenaires<\/li>\n<li>Transport express porte-\u00e0-porte \u00e0 l\u2019international<\/li>\n<li>Assistance pour vos documents douaniers<\/li>\n<li>Assurance compl\u00e8te avec certification<\/li>\n<\/ul>\n<p>Ouvrez un compte d\u00e8s maintenant en composant \u00e0\u00a0Montr\u00e9al\u00a0<a href=\"tel:514-739-7977\"><strong>514-739-7977<\/strong><\/a><strong>,\u00a0<\/strong>Qu\u00e9bec\u00a0<a href=\"tel:418-948-1712\"><strong>418-948-1712<\/strong>\u00a0<\/a>ou\u00a0<a href=\"tel:1-800-359-2111\"><strong>1-800-359-2111<\/strong><\/a> et parlez \u00e0 un de nos conseillers au service \u00e0 la client\u00e8le pour vous informer et utiliser nos service de transport et de livraison d&rsquo;\u0153uvres d&rsquo;art \u00e0 l&rsquo;international.<\/p>\n  \r\n                    <\/div>\r\n                                                        <\/div>\r\n            <\/div>\r\n        <\/div>\r\n    <\/section>\r\n    \r\n    <script>\r\n        jQuery(document).ready(function ($) {\r\n            function setHeight() {\r\n                if (window.innerWidth >= 767) {\r\n                    \r\n                    let th = [];\r\n                    let ch = [];\r\n\r\n                    \/\/ Calculate maximum content-wrap height\r\n                    $('.content-wrap .details').each(function () {\r\n                        var currentHeight = $(this).height();\r\n                        ch.push(currentHeight);\r\n                    });\r\n\r\n                    \/\/ Calculate maximum .header-wrap .h3 height\r\n                    $('.header-wrap .h3').each(function () {\r\n                        var currentHeight = $(this).height();\r\n                        th.push(currentHeight);\r\n                    });\r\n\r\n                    \/\/ set maximum height to all .content-wrap\r\n                    $('.content-wrap .details').height(Math.max.apply(null, ch));\r\n\r\n                    \/\/ set maximum height to all .header-wrap .h3\r\n                    $('.header-wrap .h3').height(Math.max.apply(null, th));\r\n\r\n                } else {\r\n                    $('.content-wrap .details').height('auto');\r\n                    $('.header-wrap .h3').height('auto');\r\n                }\r\n            }\r\n            setHeight();\r\n            $(window).resize(function () {\r\n                setHeight();\r\n            });\r\n        });\r\n        \r\n    <\/script>\r\n    \n\n\r\n    <section class=\"block block_cta-bottom ph\" style=\"background-image: url(https:\/\/www.globexcourier.com\/wp-content\/uploads\/2024\/03\/background-cta.jpg);\">\r\n        <div class=\"container\">\r\n            <div class=\"row\">\r\n                <div class=\"content\">\r\n                    <h2 class=\"h2 title\">Pr\u00eats \u00e0 exp\u00e9dier votre \u0153uvre d\u2019art\u2009? Contactez-nous\u2009!<\/h2>\r\n                    <div class=\"text\"><p>Pour en savoir plus sur nos services de transport d\u2019\u0153uvres d\u2019art ou pour discuter de vos besoins sp\u00e9cifiques avec un conseiller expert, n\u2019h\u00e9sitez pas \u00e0 contacter notre \u00e9quipe d\u00e9di\u00e9e. Nous sommes l\u00e0 pour vous fournir une solution de transport sur mesure qui r\u00e9pond parfaitement \u00e0 vos attentes, du chargement de vos \u0153uvres d&rsquo;art, \u00e0 leur livraison en passant par leur entreposage et leur mise en caisse.<\/p>\n<p>Si vos besoins d\u00e9passent le transport d\u2019\u0153uvres d\u2019art, d\u00e9couvrez notre vaste gamme de services de courrier. Chez nous, le transport express international n\u2019est pas juste un service, c\u2019est notre passion\u2009!<\/p>\n<p>Faites le premier pas vers une exp\u00e9dition sans souci en nous contactant d\u00e8s aujourd\u2019hui.<\/p>\n<\/div>\r\n                    <div class=\"cta\">\r\n                        <a href=\"https:\/\/www.globexcourier.com\/fr\/contact\/\" class=\"btn\">Contactez-nous<\/a>\r\n                        <a href=\"tel:18003592111\" class=\"phone-number info-text\">1-800-359-2111<\/a>\r\n                    <\/div>\r\n                <\/div>\r\n            <\/div>\r\n        <\/div>\r\n    <\/section>\r\n    ","protected":false},"excerpt":{"rendered":"","protected":false},"author":4,"featured_media":0,"parent":58,"menu_order":0,"comment_status":"closed","ping_status":"closed","template":"page-service.php","meta":{"_acf_changed":false,"footnotes":""},"class_list":["post-239","page","type-page","status-publish","hentry"],"acf":[],"yoast_head":"<!-- This site is optimized with the Yoast SEO plugin v27.3 - https:\/\/yoast.com\/product\/yoast-seo-wordpress\/ -->\n<title>Service de transport et livraison d\u2019\u0153uvres d\u2019art international<\/title>\n<meta name=\"description\" content=\"Vous \u00eates \u00e0 la recherche d\u2019un service de transport d\u2019\u0153uvre d\u2019art\u2009? Nous avons la solution id\u00e9ale pour vos exp\u00e9ditions \u00e0 l\u2019international\u2009!\" \/>\n<meta name=\"robots\" content=\"index, follow, max-snippet:-1, max-image-preview:large, max-video-preview:-1\" \/>\n<link rel=\"canonical\" href=\"https:\/\/www.globexcourier.com\/fr\/services\/service-de-livraison-mondial-doeuvres-dart\/\" \/>\n<meta property=\"og:locale\" content=\"fr_CA\" \/>\n<meta property=\"og:type\" content=\"article\" \/>\n<meta property=\"og:title\" content=\"Service de transport et livraison d\u2019\u0153uvres d\u2019art international\" \/>\n<meta property=\"og:description\" content=\"Vous \u00eates \u00e0 la recherche d\u2019un service de transport d\u2019\u0153uvre d\u2019art\u2009? Nous avons la solution id\u00e9ale pour vos exp\u00e9ditions \u00e0 l\u2019international\u2009!\" \/>\n<meta property=\"og:url\" content=\"https:\/\/www.globexcourier.com\/fr\/services\/service-de-livraison-mondial-doeuvres-dart\/\" \/>\n<meta property=\"og:site_name\" content=\"Globex\" \/>\n<meta property=\"article:modified_time\" content=\"2025-07-31T19:32:06+00:00\" \/>\n<meta property=\"og:image\" content=\"https:\/\/www.globexcourier.com\/wp-content\/uploads\/2024\/03\/globex-image.jpg\" \/>\n\t<meta property=\"og:image:width\" content=\"840\" \/>\n\t<meta property=\"og:image:height\" content=\"840\" \/>\n\t<meta property=\"og:image:type\" content=\"image\/jpeg\" \/>\n<meta name=\"twitter:card\" content=\"summary_large_image\" \/>\n<script type=\"application\/ld+json\" class=\"yoast-schema-graph\">{\"@context\":\"https:\\\/\\\/schema.org\",\"@graph\":[{\"@type\":\"WebPage\",\"@id\":\"https:\\\/\\\/www.globexcourier.com\\\/fr\\\/services\\\/service-de-livraison-mondial-doeuvres-dart\\\/\",\"url\":\"https:\\\/\\\/www.globexcourier.com\\\/fr\\\/services\\\/service-de-livraison-mondial-doeuvres-dart\\\/\",\"name\":\"Service de transport et livraison d\u2019\u0153uvres d\u2019art international\",\"isPartOf\":{\"@id\":\"https:\\\/\\\/www.globexcourier.com\\\/fr\\\/#website\"},\"datePublished\":\"2024-03-05T16:09:16+00:00\",\"dateModified\":\"2025-07-31T19:32:06+00:00\",\"description\":\"Vous \u00eates \u00e0 la recherche d\u2019un service de transport d\u2019\u0153uvre d\u2019art\u2009? Nous avons la solution id\u00e9ale pour vos exp\u00e9ditions \u00e0 l\u2019international\u2009!\",\"breadcrumb\":{\"@id\":\"https:\\\/\\\/www.globexcourier.com\\\/fr\\\/services\\\/service-de-livraison-mondial-doeuvres-dart\\\/#breadcrumb\"},\"inLanguage\":\"fr-CA\",\"potentialAction\":[{\"@type\":\"ReadAction\",\"target\":[\"https:\\\/\\\/www.globexcourier.com\\\/fr\\\/services\\\/service-de-livraison-mondial-doeuvres-dart\\\/\"]}]},{\"@type\":\"BreadcrumbList\",\"@id\":\"https:\\\/\\\/www.globexcourier.com\\\/fr\\\/services\\\/service-de-livraison-mondial-doeuvres-dart\\\/#breadcrumb\",\"itemListElement\":[{\"@type\":\"ListItem\",\"position\":1,\"name\":\"Accueil\",\"item\":\"https:\\\/\\\/www.globexcourier.com\\\/fr\\\/\"},{\"@type\":\"ListItem\",\"position\":2,\"name\":\"Services\",\"item\":\"https:\\\/\\\/www.globexcourier.com\\\/fr\\\/services\\\/\"},{\"@type\":\"ListItem\",\"position\":3,\"name\":\"Service de livraison mondial d&#8217;oeuvres d&#8217;art\"}]},{\"@type\":\"WebSite\",\"@id\":\"https:\\\/\\\/www.globexcourier.com\\\/fr\\\/#website\",\"url\":\"https:\\\/\\\/www.globexcourier.com\\\/fr\\\/\",\"name\":\"Globex\",\"description\":\"\",\"publisher\":{\"@id\":\"https:\\\/\\\/www.globexcourier.com\\\/fr\\\/#organization\"},\"potentialAction\":[{\"@type\":\"SearchAction\",\"target\":{\"@type\":\"EntryPoint\",\"urlTemplate\":\"https:\\\/\\\/www.globexcourier.com\\\/fr\\\/?s={search_term_string}\"},\"query-input\":{\"@type\":\"PropertyValueSpecification\",\"valueRequired\":true,\"valueName\":\"search_term_string\"}}],\"inLanguage\":\"fr-CA\"},{\"@type\":\"Organization\",\"@id\":\"https:\\\/\\\/www.globexcourier.com\\\/fr\\\/#organization\",\"name\":\"Globex\",\"url\":\"https:\\\/\\\/www.globexcourier.com\\\/fr\\\/\",\"logo\":{\"@type\":\"ImageObject\",\"inLanguage\":\"fr-CA\",\"@id\":\"https:\\\/\\\/www.globexcourier.com\\\/fr\\\/#\\\/schema\\\/logo\\\/image\\\/\",\"url\":\"https:\\\/\\\/www.globexcourier.com\\\/wp-content\\\/uploads\\\/2024\\\/03\\\/Logo-bleu.svg\",\"contentUrl\":\"https:\\\/\\\/www.globexcourier.com\\\/wp-content\\\/uploads\\\/2024\\\/03\\\/Logo-bleu.svg\",\"caption\":\"Globex\"},\"image\":{\"@id\":\"https:\\\/\\\/www.globexcourier.com\\\/fr\\\/#\\\/schema\\\/logo\\\/image\\\/\"}}]}<\/script>\n<!-- \/ Yoast SEO plugin. -->","yoast_head_json":{"title":"Service de transport et livraison d\u2019\u0153uvres d\u2019art international","description":"Vous \u00eates \u00e0 la recherche d\u2019un service de transport d\u2019\u0153uvre d\u2019art\u2009? Nous avons la solution id\u00e9ale pour vos exp\u00e9ditions \u00e0 l\u2019international\u2009!","robots":{"index":"index","follow":"follow","max-snippet":"max-snippet:-1","max-image-preview":"max-image-preview:large","max-video-preview":"max-video-preview:-1"},"canonical":"https:\/\/www.globexcourier.com\/fr\/services\/service-de-livraison-mondial-doeuvres-dart\/","og_locale":"fr_CA","og_type":"article","og_title":"Service de transport et livraison d\u2019\u0153uvres d\u2019art international","og_description":"Vous \u00eates \u00e0 la recherche d\u2019un service de transport d\u2019\u0153uvre d\u2019art\u2009? Nous avons la solution id\u00e9ale pour vos exp\u00e9ditions \u00e0 l\u2019international\u2009!","og_url":"https:\/\/www.globexcourier.com\/fr\/services\/service-de-livraison-mondial-doeuvres-dart\/","og_site_name":"Globex","article_modified_time":"2025-07-31T19:32:06+00:00","og_image":[{"width":840,"height":840,"url":"https:\/\/www.globexcourier.com\/wp-content\/uploads\/2024\/03\/globex-image.jpg","type":"image\/jpeg"}],"twitter_card":"summary_large_image","schema":{"@context":"https:\/\/schema.org","@graph":[{"@type":"WebPage","@id":"https:\/\/www.globexcourier.com\/fr\/services\/service-de-livraison-mondial-doeuvres-dart\/","url":"https:\/\/www.globexcourier.com\/fr\/services\/service-de-livraison-mondial-doeuvres-dart\/","name":"Service de transport et livraison d\u2019\u0153uvres d\u2019art international","isPartOf":{"@id":"https:\/\/www.globexcourier.com\/fr\/#website"},"datePublished":"2024-03-05T16:09:16+00:00","dateModified":"2025-07-31T19:32:06+00:00","description":"Vous \u00eates \u00e0 la recherche d\u2019un service de transport d\u2019\u0153uvre d\u2019art\u2009? Nous avons la solution id\u00e9ale pour vos exp\u00e9ditions \u00e0 l\u2019international\u2009!","breadcrumb":{"@id":"https:\/\/www.globexcourier.com\/fr\/services\/service-de-livraison-mondial-doeuvres-dart\/#breadcrumb"},"inLanguage":"fr-CA","potentialAction":[{"@type":"ReadAction","target":["https:\/\/www.globexcourier.com\/fr\/services\/service-de-livraison-mondial-doeuvres-dart\/"]}]},{"@type":"BreadcrumbList","@id":"https:\/\/www.globexcourier.com\/fr\/services\/service-de-livraison-mondial-doeuvres-dart\/#breadcrumb","itemListElement":[{"@type":"ListItem","position":1,"name":"Accueil","item":"https:\/\/www.globexcourier.com\/fr\/"},{"@type":"ListItem","position":2,"name":"Services","item":"https:\/\/www.globexcourier.com\/fr\/services\/"},{"@type":"ListItem","position":3,"name":"Service de livraison mondial d&#8217;oeuvres d&#8217;art"}]},{"@type":"WebSite","@id":"https:\/\/www.globexcourier.com\/fr\/#website","url":"https:\/\/www.globexcourier.com\/fr\/","name":"Globex","description":"","publisher":{"@id":"https:\/\/www.globexcourier.com\/fr\/#organization"},"potentialAction":[{"@type":"SearchAction","target":{"@type":"EntryPoint","urlTemplate":"https:\/\/www.globexcourier.com\/fr\/?s={search_term_string}"},"query-input":{"@type":"PropertyValueSpecification","valueRequired":true,"valueName":"search_term_string"}}],"inLanguage":"fr-CA"},{"@type":"Organization","@id":"https:\/\/www.globexcourier.com\/fr\/#organization","name":"Globex","url":"https:\/\/www.globexcourier.com\/fr\/","logo":{"@type":"ImageObject","inLanguage":"fr-CA","@id":"https:\/\/www.globexcourier.com\/fr\/#\/schema\/logo\/image\/","url":"https:\/\/www.globexcourier.com\/wp-content\/uploads\/2024\/03\/Logo-bleu.svg","contentUrl":"https:\/\/www.globexcourier.com\/wp-content\/uploads\/2024\/03\/Logo-bleu.svg","caption":"Globex"},"image":{"@id":"https:\/\/www.globexcourier.com\/fr\/#\/schema\/logo\/image\/"}}]}},"_links":{"self":[{"href":"https:\/\/www.globexcourier.com\/fr\/wp-json\/wp\/v2\/pages\/239","targetHints":{"allow":["GET"]}}],"collection":[{"href":"https:\/\/www.globexcourier.com\/fr\/wp-json\/wp\/v2\/pages"}],"about":[{"href":"https:\/\/www.globexcourier.com\/fr\/wp-json\/wp\/v2\/types\/page"}],"author":[{"embeddable":true,"href":"https:\/\/www.globexcourier.com\/fr\/wp-json\/wp\/v2\/users\/4"}],"replies":[{"embeddable":true,"href":"https:\/\/www.globexcourier.com\/fr\/wp-json\/wp\/v2\/comments?post=239"}],"version-history":[{"count":10,"href":"https:\/\/www.globexcourier.com\/fr\/wp-json\/wp\/v2\/pages\/239\/revisions"}],"predecessor-version":[{"id":2307,"href":"https:\/\/www.globexcourier.com\/fr\/wp-json\/wp\/v2\/pages\/239\/revisions\/2307"}],"up":[{"embeddable":true,"href":"https:\/\/www.globexcourier.com\/fr\/wp-json\/wp\/v2\/pages\/58"}],"wp:attachment":[{"href":"https:\/\/www.globexcourier.com\/fr\/wp-json\/wp\/v2\/media?parent=239"}],"curies":[{"name":"wp","href":"https:\/\/api.w.org\/{rel}","templated":true}]}}