{"id":231,"date":"2024-03-05T11:07:09","date_gmt":"2024-03-05T16:07:09","guid":{"rendered":"https:\/\/www.globexcourier.com\/?page_id=231"},"modified":"2026-03-04T11:09:03","modified_gmt":"2026-03-04T16:09:03","slug":"service-local-a-quebec","status":"publish","type":"page","link":"https:\/\/www.globexcourier.com\/fr\/services\/service-local-a-quebec\/","title":{"rendered":"Service Local \u00e0 Qu\u00e9bec"},"content":{"rendered":"\r\n    <section class=\"intro-section block block-introduction ph\">\r\n        <div class=\"row\">\r\n            <div class=\"container\">\r\n                <div class=\"intro-content\">\r\n                                        <h1 class=\"intro-title h2\">Service de livraison express \u00e0 Qu\u00e9bec<\/h1>\r\n                                                            <div class=\"intro-text text\"><p>Globex Courrier International est votre solution de choix pour une livraison express \u00e0 Qu\u00e9bec, garantissant l\u2019acheminement rapide et s\u00e9curis\u00e9 de vos colis et documents importants. Forts d\u2019une exp\u00e9rience de plus de 30 ans, nous nous engageons \u00e0 offrir un service de qualit\u00e9 sup\u00e9rieure aux r\u00e9sidents et entreprises de Qu\u00e9bec, avec une connaissance approfondie de la r\u00e9gion pour une livraison efficace et ponctuelle.<\/p>\n<\/div>\r\n                                                        <\/div>\r\n            <\/div>\r\n        <\/div>\r\n    <\/section>\r\n    \n\n\r\n    <section class=\"block block_service-details ph\">\r\n        <div class=\"container\">\r\n            <div class=\"row\">\r\n                <div class=\"content pv\">\r\n                    <h2 class=\"h2 smaller title\">Un service de livraison de colis et courriers personnalis\u00e9 le jour m\u00eame \u00e0 Qu\u00e9bec <\/h2>\r\n                    <div class=\"text check-list\">\r\n                        <p>Nous proposons une gamme compl\u00e8te de services de livraison express cl\u00e9s en main, adapt\u00e9s \u00e0 vos exigences sp\u00e9cifiques, que ce soit pour des envois urgents, des documents professionnels, ou des colis de grande taille.<\/p>\n<p>Choisissez parmi nos quatre offres distinctes pour une livraison le jour m\u00eame, assur\u00e9e par notre \u00e9quipe de livreurs professionnels et courtois\u00a0:<\/p>\n  \r\n                    <\/div>\r\n                                        <div class=\"services-grid two-column\">\r\n                                                    \r\n                                <div class=\"service\">\r\n                                    <div class=\"header-wrap \">\r\n                                        <div class=\"icon\">\r\n                                            <img decoding=\"async\" src=\"https:\/\/www.globexcourier.com\/wp-content\/uploads\/2024\/03\/place.png\" alt=\"\" \/>\r\n                                        <\/div>\r\n                                        <h3 class=\"h3\">Service Direct<\/h3>\r\n                                    <\/div>\r\n                                    <div class=\"content-wrap\">\r\n                                        <div class=\"details\">\r\n                                            <div><ul>\n<li>Service de livraison en ligne directe du point de cueillette au point de livraison final.<\/li>\n<li>Service offert 24h\/24, 365 jours par ann\u00e9e.<\/li>\n<\/ul>\n<p>Contactez-nous pour savoir comment utiliser ce service du lundi au vendredi entre 17h et 7h30, le samedi, le dimanche et durant les jours f\u00e9ri\u00e9s.<\/p>\n<\/div>\r\n                                                                                        <div class=\"phrase-cle\"><span>Lorsque la livraison d\u2019un envoi est critique et se doit d\u2019arriver illico, c\u2019est le service parfait \u00e0 utiliser.<\/span><\/div>\r\n                                                                                    <\/div>\r\n                                        \r\n                                                                                <a href=\"https:\/\/www.globexcourier.com\/fr\/rates\/\" class=\"btn\">Estimation gratuite<\/a>\r\n                                                                            <\/div>\r\n                                <\/div>\r\n                            \r\n                                <div class=\"service\">\r\n                                    <div class=\"header-wrap \">\r\n                                        <div class=\"icon\">\r\n                                            <img decoding=\"async\" src=\"https:\/\/www.globexcourier.com\/wp-content\/uploads\/2024\/03\/truck_2.png\" alt=\"\" \/>\r\n                                        <\/div>\r\n                                        <h3 class=\"h3\">Service Imm\u00e9diat<\/h3>\r\n                                    <\/div>\r\n                                    <div class=\"content-wrap\">\r\n                                        <div class=\"details\">\r\n                                            <div><ul>\n<li>Service de livraison le jour m\u00eame garanti en 1\u00a0heure seulement.<\/li>\n<li>Heure limite d\u2019appel : 16h. Une livraison imm\u00e9diate demand\u00e9e entre 15h et 16h sera livr\u00e9e avant 17h, le jour m\u00eame.<\/li>\n<li>Livraison ou cueillette en <a href=\"https:\/\/www.globexcourier.com\/wp-content\/uploads\/2024\/04\/Globex-carte-des-zones-QC.pdf\">zones<\/a> 6, 7, 8, 9, 10, ajoutez 30 minutes.<\/li>\n<\/ul>\n<\/div>\r\n                                                                                        <div class=\"phrase-cle\"><span>Id\u00e9al pour des urgences de derni\u00e8re minute.<\/span><\/div>\r\n                                                                                    <\/div>\r\n                                        \r\n                                                                                <a href=\"https:\/\/www.globexcourier.com\/fr\/rates\/\" class=\"btn\">Estimation gratuite<\/a>\r\n                                                                            <\/div>\r\n                                <\/div>\r\n                            \r\n                                <div class=\"service\">\r\n                                    <div class=\"header-wrap \">\r\n                                        <div class=\"icon\">\r\n                                            <img decoding=\"async\" src=\"https:\/\/www.globexcourier.com\/wp-content\/uploads\/2024\/03\/truck_1.png\" alt=\"\" \/>\r\n                                        <\/div>\r\n                                        <h3 class=\"h3\">Service 2 heures<\/h3>\r\n                                    <\/div>\r\n                                    <div class=\"content-wrap\">\r\n                                        <div class=\"details\">\r\n                                            <div><ul>\n<li>Service de livraison rapide garanti en 2 heures.<\/li>\n<li>Heure limite d\u2019appel : 15h.<\/li>\n<li>Livraison ou cueillette en <a href=\"https:\/\/www.globexcourier.com\/wp-content\/uploads\/2024\/04\/Globex-carte-des-zones-QC.pdf\">zones<\/a> 6, 7, 8, 9, 10, ajoutez 30 minutes.<\/li>\n<\/ul>\n<\/div>\r\n                                                                                        <div class=\"phrase-cle\"><span>Service le plus populaire aupr\u00e8s de nos clients, exp\u00e9ditif, fiable et \u00e0 un tarif avantageux.<\/span><\/div>\r\n                                                                                    <\/div>\r\n                                        \r\n                                                                                <a href=\"https:\/\/www.globexcourier.com\/fr\/rates\/\" class=\"btn\">Estimation gratuite<\/a>\r\n                                                                            <\/div>\r\n                                <\/div>\r\n                            \r\n                                <div class=\"service\">\r\n                                    <div class=\"header-wrap \">\r\n                                        <div class=\"icon\">\r\n                                            <img decoding=\"async\" src=\"https:\/\/www.globexcourier.com\/wp-content\/uploads\/2024\/03\/time.png\" alt=\"\" \/>\r\n                                        <\/div>\r\n                                        <h3 class=\"h3\">Service AM\/PM ou PM\/AM<\/h3>\r\n                                    <\/div>\r\n                                    <div class=\"content-wrap\">\r\n                                        <div class=\"details\">\r\n                                            <div><ul>\n<li>Service de livraison garanti la m\u00eame journ\u00e9e.<\/li>\n<li>Heure limite d\u2019appel : 12h.<\/li>\n<\/ul>\n<p>Apr\u00e8s 12h, ce service devient PM\/AM et sera livr\u00e9 le lendemain, avant midi (jour ouvrable).<\/p>\n<\/div>\r\n                                                                                        <div class=\"phrase-cle\"><span>C\u2019est notre service de livraison m\u00eame jour le plus \u00e9conomique.<\/span><\/div>\r\n                                                                                    <\/div>\r\n                                        \r\n                                                                                <a href=\"https:\/\/www.globexcourier.com\/fr\/rates\/\" class=\"btn\">Estimation gratuite<\/a>\r\n                                                                            <\/div>\r\n                                <\/div>\r\n                                                    <\/div>\r\n                                            <\/div>\r\n                                                            <div class=\"special-note\">\r\n                        <span>Lors d\u2019intemp\u00e9ries, les livraisons se font par priorit\u00e9 de services ; dans ces situations hors de notre contr\u00f4le, si votre envoi se doit d\u2019\u00eatre livr\u00e9 absolument le m\u00eame jour, priorisez le service Direct ou imm\u00e9diat.<\/span>\r\n                    <\/div>\r\n                                    <\/div>\r\n            <\/div>\r\n        <\/div>\r\n    <\/section>\r\n    \r\n    <script>\r\n        jQuery(document).ready(function ($) {\r\n            function setHeight() {\r\n                if (window.innerWidth >= 767) {\r\n                    \r\n                    let th = [];\r\n                    let ch = [];\r\n\r\n                    \/\/ Calculate maximum content-wrap height\r\n                    $('.content-wrap .details').each(function () {\r\n                        var currentHeight = $(this).height();\r\n                        ch.push(currentHeight);\r\n                    });\r\n\r\n                    \/\/ Calculate maximum .header-wrap .h3 height\r\n                    $('.header-wrap .h3').each(function () {\r\n                        var currentHeight = $(this).height();\r\n                        th.push(currentHeight);\r\n                    });\r\n\r\n                    \/\/ set maximum height to all .content-wrap\r\n                    $('.content-wrap .details').height(Math.max.apply(null, ch));\r\n\r\n                    \/\/ set maximum height to all .header-wrap .h3\r\n                    $('.header-wrap .h3').height(Math.max.apply(null, th));\r\n\r\n                } else {\r\n                    $('.content-wrap .details').height('auto');\r\n                    $('.header-wrap .h3').height('auto');\r\n                }\r\n            }\r\n            setHeight();\r\n            $(window).resize(function () {\r\n                setHeight();\r\n            });\r\n        });\r\n        \r\n    <\/script>\r\n    \n\n\r\n    <section class=\"block block_service-details ph opaque-bg\">\r\n        <div class=\"container\">\r\n            <div class=\"row\">\r\n                <div class=\"content pv\">\r\n                    <h2 class=\"h2 smaller title\">Un service de livraison express professionnel et fiable \u00e0 Qu\u00e9bec<\/h2>\r\n                    <div class=\"text check-list\">\r\n                        <p>Notre service de courrier express \u00e0 Qu\u00e9bec offre une prise en charge compl\u00e8te\u00a0: d\u00e8s r\u00e9ception de votre commande, un livreur vient r\u00e9cup\u00e9rer votre colis pour une cueillette et livraison rapide. B\u00e9n\u00e9ficiez \u00e9galement d\u2019un suivi en ligne intuitif et, pour les nouveaux clients, d\u2019un accompagnement personnalis\u00e9 par l\u2019un de nos conseillers. Nous assurons un transport adapt\u00e9 \u00e0 chaque envoi, y compris pour les colis sp\u00e9ciaux et volumineux, tel que le <a href=\"https:\/\/www.globexcourier.com\/fr\/services\/service-de-livraison-mondial-doeuvres-dart\/\">transport d\u2019\u0153uvres d\u2019art<\/a>. Avec Globex Courrier Express International, pr\u00e9parez-vous \u00e0 une exp\u00e9rience de livraison express in\u00e9gal\u00e9e.<\/p>\n  \r\n                    <\/div>\r\n                                                        <\/div>\r\n            <\/div>\r\n        <\/div>\r\n    <\/section>\r\n    \r\n    <script>\r\n        jQuery(document).ready(function ($) {\r\n            function setHeight() {\r\n                if (window.innerWidth >= 767) {\r\n                    \r\n                    let th = [];\r\n                    let ch = [];\r\n\r\n                    \/\/ Calculate maximum content-wrap height\r\n                    $('.content-wrap .details').each(function () {\r\n                        var currentHeight = $(this).height();\r\n                        ch.push(currentHeight);\r\n                    });\r\n\r\n                    \/\/ Calculate maximum .header-wrap .h3 height\r\n                    $('.header-wrap .h3').each(function () {\r\n                        var currentHeight = $(this).height();\r\n                        th.push(currentHeight);\r\n                    });\r\n\r\n                    \/\/ set maximum height to all .content-wrap\r\n                    $('.content-wrap .details').height(Math.max.apply(null, ch));\r\n\r\n                    \/\/ set maximum height to all .header-wrap .h3\r\n                    $('.header-wrap .h3').height(Math.max.apply(null, th));\r\n\r\n                } else {\r\n                    $('.content-wrap .details').height('auto');\r\n                    $('.header-wrap .h3').height('auto');\r\n                }\r\n            }\r\n            setHeight();\r\n            $(window).resize(function () {\r\n                setHeight();\r\n            });\r\n        });\r\n        \r\n    <\/script>\r\n    \n\n\r\n    <section class=\"block block_cta-bottom ph\" style=\"background-image: url(https:\/\/www.globexcourier.com\/wp-content\/uploads\/2024\/03\/background-cta.jpg);\">\r\n        <div class=\"container\">\r\n            <div class=\"row\">\r\n                <div class=\"content\">\r\n                    <h2 class=\"h2 title\">Faites confiance \u00e0 Globex pour vos livraisons express \u00e0 Qu\u00e9bec<\/h2>\r\n                    <div class=\"text\"><p>Pour d\u00e9couvrir nos services ou ouvrir un compte, contactez-nous au\u00a0<a href=\"tel:514-739-7977\" target=\"_blank\" rel=\"noopener\">514-739-7977<\/a>\u00a0(Montr\u00e9al),\u00a0<a href=\"tel:418-948-1712\">418-948-1712<\/a>\u00a0(Qu\u00e9bec), ou au 800-359-2111. Nos conseillers sont pr\u00eats \u00e0 vous aider \u00e0 trouver la solution d\u2019envoi parfaite. Chez Globex Courrier Express International, nous offrons bien plus que la livraison express\u2009! Un \u00e9ventail de services adapt\u00e9s \u00e0 vos besoins uniques pour une livraison de colis partout au Qu\u00e9bec, au Canada et dans le monde, le tout avec un engagement envers l\u2019excellence et la satisfaction client.<\/p>\n<\/div>\r\n                    <div class=\"cta\">\r\n                        <a href=\"https:\/\/www.globexcourier.com\/fr\/contact\/\" class=\"btn\">Contactez-nous<\/a>\r\n                        <a href=\"tel:18003592111\" class=\"phone-number info-text\">1-800-359-2111<\/a>\r\n                    <\/div>\r\n                <\/div>\r\n            <\/div>\r\n        <\/div>\r\n    <\/section>\r\n    ","protected":false},"excerpt":{"rendered":"","protected":false},"author":4,"featured_media":0,"parent":58,"menu_order":0,"comment_status":"closed","ping_status":"closed","template":"page-service.php","meta":{"_acf_changed":false,"footnotes":""},"class_list":["post-231","page","type-page","status-publish","hentry"],"acf":[],"yoast_head":"<!-- This site is optimized with the Yoast SEO plugin v27.1.1 - https:\/\/yoast.com\/product\/yoast-seo-wordpress\/ -->\n<title>Service de livraison express \u00e0 Qu\u00e9bec | Globex Courrier<\/title>\n<meta name=\"description\" content=\"Vous souhaitez envoyer un colis ou une marchandise \u00e0 Qu\u00e9bec\u2009? Globex Courrier offre un service de livraison express le jour m\u00eame \u00e0 Qu\u00e9bec.\" \/>\n<meta name=\"robots\" content=\"index, follow, max-snippet:-1, max-image-preview:large, max-video-preview:-1\" \/>\n<link rel=\"canonical\" href=\"https:\/\/www.globexcourier.com\/fr\/services\/service-local-a-quebec\/\" \/>\n<meta property=\"og:locale\" content=\"fr_CA\" \/>\n<meta property=\"og:type\" content=\"article\" \/>\n<meta property=\"og:title\" content=\"Service de livraison express \u00e0 Qu\u00e9bec | Globex Courrier\" \/>\n<meta property=\"og:description\" content=\"Vous souhaitez envoyer un colis ou une marchandise \u00e0 Qu\u00e9bec\u2009? Globex Courrier offre un service de livraison express le jour m\u00eame \u00e0 Qu\u00e9bec.\" \/>\n<meta property=\"og:url\" content=\"https:\/\/www.globexcourier.com\/fr\/services\/service-local-a-quebec\/\" \/>\n<meta property=\"og:site_name\" content=\"Globex\" \/>\n<meta property=\"article:modified_time\" content=\"2026-03-04T16:09:03+00:00\" \/>\n<meta property=\"og:image\" content=\"https:\/\/www.globexcourier.com\/wp-content\/uploads\/2024\/03\/globex-image.jpg\" \/>\n\t<meta property=\"og:image:width\" content=\"840\" \/>\n\t<meta property=\"og:image:height\" content=\"840\" \/>\n\t<meta property=\"og:image:type\" content=\"image\/jpeg\" \/>\n<meta name=\"twitter:card\" content=\"summary_large_image\" \/>\n<script type=\"application\/ld+json\" class=\"yoast-schema-graph\">{\"@context\":\"https:\/\/schema.org\",\"@graph\":[{\"@type\":\"WebPage\",\"@id\":\"https:\/\/www.globexcourier.com\/fr\/services\/service-local-a-quebec\/\",\"url\":\"https:\/\/www.globexcourier.com\/fr\/services\/service-local-a-quebec\/\",\"name\":\"Service de livraison express \u00e0 Qu\u00e9bec | Globex Courrier\",\"isPartOf\":{\"@id\":\"https:\/\/www.globexcourier.com\/fr\/#website\"},\"datePublished\":\"2024-03-05T16:07:09+00:00\",\"dateModified\":\"2026-03-04T16:09:03+00:00\",\"description\":\"Vous souhaitez envoyer un colis ou une marchandise \u00e0 Qu\u00e9bec\u2009? Globex Courrier offre un service de livraison express le jour m\u00eame \u00e0 Qu\u00e9bec.\",\"breadcrumb\":{\"@id\":\"https:\/\/www.globexcourier.com\/fr\/services\/service-local-a-quebec\/#breadcrumb\"},\"inLanguage\":\"fr-CA\",\"potentialAction\":[{\"@type\":\"ReadAction\",\"target\":[\"https:\/\/www.globexcourier.com\/fr\/services\/service-local-a-quebec\/\"]}]},{\"@type\":\"BreadcrumbList\",\"@id\":\"https:\/\/www.globexcourier.com\/fr\/services\/service-local-a-quebec\/#breadcrumb\",\"itemListElement\":[{\"@type\":\"ListItem\",\"position\":1,\"name\":\"Accueil\",\"item\":\"https:\/\/www.globexcourier.com\/fr\/\"},{\"@type\":\"ListItem\",\"position\":2,\"name\":\"Services\",\"item\":\"https:\/\/www.globexcourier.com\/fr\/services\/\"},{\"@type\":\"ListItem\",\"position\":3,\"name\":\"Service Local \u00e0 Qu\u00e9bec\"}]},{\"@type\":\"WebSite\",\"@id\":\"https:\/\/www.globexcourier.com\/fr\/#website\",\"url\":\"https:\/\/www.globexcourier.com\/fr\/\",\"name\":\"Globex\",\"description\":\"\",\"publisher\":{\"@id\":\"https:\/\/www.globexcourier.com\/fr\/#organization\"},\"potentialAction\":[{\"@type\":\"SearchAction\",\"target\":{\"@type\":\"EntryPoint\",\"urlTemplate\":\"https:\/\/www.globexcourier.com\/fr\/?s={search_term_string}\"},\"query-input\":{\"@type\":\"PropertyValueSpecification\",\"valueRequired\":true,\"valueName\":\"search_term_string\"}}],\"inLanguage\":\"fr-CA\"},{\"@type\":\"Organization\",\"@id\":\"https:\/\/www.globexcourier.com\/fr\/#organization\",\"name\":\"Globex\",\"url\":\"https:\/\/www.globexcourier.com\/fr\/\",\"logo\":{\"@type\":\"ImageObject\",\"inLanguage\":\"fr-CA\",\"@id\":\"https:\/\/www.globexcourier.com\/fr\/#\/schema\/logo\/image\/\",\"url\":\"https:\/\/www.globexcourier.com\/wp-content\/uploads\/2024\/03\/Logo-bleu.svg\",\"contentUrl\":\"https:\/\/www.globexcourier.com\/wp-content\/uploads\/2024\/03\/Logo-bleu.svg\",\"caption\":\"Globex\"},\"image\":{\"@id\":\"https:\/\/www.globexcourier.com\/fr\/#\/schema\/logo\/image\/\"}}]}<\/script>\n<!-- \/ Yoast SEO plugin. -->","yoast_head_json":{"title":"Service de livraison express \u00e0 Qu\u00e9bec | Globex Courrier","description":"Vous souhaitez envoyer un colis ou une marchandise \u00e0 Qu\u00e9bec\u2009? Globex Courrier offre un service de livraison express le jour m\u00eame \u00e0 Qu\u00e9bec.","robots":{"index":"index","follow":"follow","max-snippet":"max-snippet:-1","max-image-preview":"max-image-preview:large","max-video-preview":"max-video-preview:-1"},"canonical":"https:\/\/www.globexcourier.com\/fr\/services\/service-local-a-quebec\/","og_locale":"fr_CA","og_type":"article","og_title":"Service de livraison express \u00e0 Qu\u00e9bec | Globex Courrier","og_description":"Vous souhaitez envoyer un colis ou une marchandise \u00e0 Qu\u00e9bec\u2009? Globex Courrier offre un service de livraison express le jour m\u00eame \u00e0 Qu\u00e9bec.","og_url":"https:\/\/www.globexcourier.com\/fr\/services\/service-local-a-quebec\/","og_site_name":"Globex","article_modified_time":"2026-03-04T16:09:03+00:00","og_image":[{"width":840,"height":840,"url":"https:\/\/www.globexcourier.com\/wp-content\/uploads\/2024\/03\/globex-image.jpg","type":"image\/jpeg"}],"twitter_card":"summary_large_image","schema":{"@context":"https:\/\/schema.org","@graph":[{"@type":"WebPage","@id":"https:\/\/www.globexcourier.com\/fr\/services\/service-local-a-quebec\/","url":"https:\/\/www.globexcourier.com\/fr\/services\/service-local-a-quebec\/","name":"Service de livraison express \u00e0 Qu\u00e9bec | Globex Courrier","isPartOf":{"@id":"https:\/\/www.globexcourier.com\/fr\/#website"},"datePublished":"2024-03-05T16:07:09+00:00","dateModified":"2026-03-04T16:09:03+00:00","description":"Vous souhaitez envoyer un colis ou une marchandise \u00e0 Qu\u00e9bec\u2009? Globex Courrier offre un service de livraison express le jour m\u00eame \u00e0 Qu\u00e9bec.","breadcrumb":{"@id":"https:\/\/www.globexcourier.com\/fr\/services\/service-local-a-quebec\/#breadcrumb"},"inLanguage":"fr-CA","potentialAction":[{"@type":"ReadAction","target":["https:\/\/www.globexcourier.com\/fr\/services\/service-local-a-quebec\/"]}]},{"@type":"BreadcrumbList","@id":"https:\/\/www.globexcourier.com\/fr\/services\/service-local-a-quebec\/#breadcrumb","itemListElement":[{"@type":"ListItem","position":1,"name":"Accueil","item":"https:\/\/www.globexcourier.com\/fr\/"},{"@type":"ListItem","position":2,"name":"Services","item":"https:\/\/www.globexcourier.com\/fr\/services\/"},{"@type":"ListItem","position":3,"name":"Service Local \u00e0 Qu\u00e9bec"}]},{"@type":"WebSite","@id":"https:\/\/www.globexcourier.com\/fr\/#website","url":"https:\/\/www.globexcourier.com\/fr\/","name":"Globex","description":"","publisher":{"@id":"https:\/\/www.globexcourier.com\/fr\/#organization"},"potentialAction":[{"@type":"SearchAction","target":{"@type":"EntryPoint","urlTemplate":"https:\/\/www.globexcourier.com\/fr\/?s={search_term_string}"},"query-input":{"@type":"PropertyValueSpecification","valueRequired":true,"valueName":"search_term_string"}}],"inLanguage":"fr-CA"},{"@type":"Organization","@id":"https:\/\/www.globexcourier.com\/fr\/#organization","name":"Globex","url":"https:\/\/www.globexcourier.com\/fr\/","logo":{"@type":"ImageObject","inLanguage":"fr-CA","@id":"https:\/\/www.globexcourier.com\/fr\/#\/schema\/logo\/image\/","url":"https:\/\/www.globexcourier.com\/wp-content\/uploads\/2024\/03\/Logo-bleu.svg","contentUrl":"https:\/\/www.globexcourier.com\/wp-content\/uploads\/2024\/03\/Logo-bleu.svg","caption":"Globex"},"image":{"@id":"https:\/\/www.globexcourier.com\/fr\/#\/schema\/logo\/image\/"}}]}},"_links":{"self":[{"href":"https:\/\/www.globexcourier.com\/fr\/wp-json\/wp\/v2\/pages\/231","targetHints":{"allow":["GET"]}}],"collection":[{"href":"https:\/\/www.globexcourier.com\/fr\/wp-json\/wp\/v2\/pages"}],"about":[{"href":"https:\/\/www.globexcourier.com\/fr\/wp-json\/wp\/v2\/types\/page"}],"author":[{"embeddable":true,"href":"https:\/\/www.globexcourier.com\/fr\/wp-json\/wp\/v2\/users\/4"}],"replies":[{"embeddable":true,"href":"https:\/\/www.globexcourier.com\/fr\/wp-json\/wp\/v2\/comments?post=231"}],"version-history":[{"count":23,"href":"https:\/\/www.globexcourier.com\/fr\/wp-json\/wp\/v2\/pages\/231\/revisions"}],"predecessor-version":[{"id":3525,"href":"https:\/\/www.globexcourier.com\/fr\/wp-json\/wp\/v2\/pages\/231\/revisions\/3525"}],"up":[{"embeddable":true,"href":"https:\/\/www.globexcourier.com\/fr\/wp-json\/wp\/v2\/pages\/58"}],"wp:attachment":[{"href":"https:\/\/www.globexcourier.com\/fr\/wp-json\/wp\/v2\/media?parent=231"}],"curies":[{"name":"wp","href":"https:\/\/api.w.org\/{rel}","templated":true}]}}